{"id":6664,"date":"2025-02-10T13:29:03","date_gmt":"2025-02-10T12:29:03","guid":{"rendered":"https:\/\/vanfittery.de\/?post_type=product&#038;p=6664"},"modified":"2026-03-17T11:21:56","modified_gmt":"2026-03-17T10:21:56","slug":"support-tringle-a-rideaux","status":"publish","type":"product","link":"https:\/\/vanfittery.de\/fr\/produkt\/halter-gardinenstange\/","title":{"rendered":"Support pour tringle \u00e0 rideaux"},"content":{"rendered":"<h2>Fixation simple et stable pour ta tringle \u00e0 rideaux<\/h2>\n<p>Notre support pour la tringle \u00e0 rideaux peut \u00eatre simplement coll\u00e9 sur la carrosserie \u00e0 l'aide d'un ruban adh\u00e9sif double face ou viss\u00e9 \u00e0 l'aide d'une vis \u00e0 t\u00f4le. La tringle \u00e0 rideaux peut ainsi \u00eatre fix\u00e9e \u00e0 presque n'importe quel endroit.<\/p>\n<p>Pour la tringle \u00e0 rideaux, tu peux simplement utiliser un tube en aluminium de 10 mm ou des barres rondes en bois de 10 mm et les couper \u00e0 la longueur souhait\u00e9e.<\/p>\n<p>&nbsp;<\/p>\n<p>Mat\u00e9riau : PLA<\/p>\n<p>Contenu de la livraison : 1 jeu (2pcs), vis \u00e0 t\u00f4le incluses<\/p>","protected":false},"excerpt":{"rendered":"<p><strong><span style=\"color: #dca54a;\">\u2714<\/span><\/strong> Montage facile<br \/>\n<strong><span style=\"color: #dca54a;\">\u2714<\/span><\/strong> Utilisation universelle - pour barres rondes en aluminium ou en bois de 10 mm<br \/>\n<strong><span style=\"color: #dca54a;\">\u2714<\/span><\/strong> Contenu de la livraison : 1 jeu (2 pi\u00e8ces), vis incluses<\/p>","protected":false},"featured_media":6663,"template":"","meta":{"_acf_changed":false,"iawp_total_views":612},"product_brand":[],"product_cat":[57,58,55],"product_tag":[],"class_list":{"0":"post-6664","1":"product","2":"type-product","3":"status-publish","4":"has-post-thumbnail","6":"product_cat-hochdachkombi","7":"product_cat-kleintransporter","8":"product_cat-zubehoer","9":"product_shipping_class-paketversand","11":"first","12":"instock","13":"taxable","14":"shipping-taxable","15":"purchasable","16":"product-type-variable"},"acf":[],"_links":{"self":[{"href":"https:\/\/vanfittery.de\/fr\/wp-json\/wp\/v2\/product\/6664","targetHints":{"allow":["GET"]}}],"collection":[{"href":"https:\/\/vanfittery.de\/fr\/wp-json\/wp\/v2\/product"}],"about":[{"href":"https:\/\/vanfittery.de\/fr\/wp-json\/wp\/v2\/types\/product"}],"version-history":[{"count":1,"href":"https:\/\/vanfittery.de\/fr\/wp-json\/wp\/v2\/product\/6664\/revisions"}],"predecessor-version":[{"id":13874,"href":"https:\/\/vanfittery.de\/fr\/wp-json\/wp\/v2\/product\/6664\/revisions\/13874"}],"wp:featuredmedia":[{"embeddable":true,"href":"https:\/\/vanfittery.de\/fr\/wp-json\/wp\/v2\/media\/6663"}],"wp:attachment":[{"href":"https:\/\/vanfittery.de\/fr\/wp-json\/wp\/v2\/media?parent=6664"}],"wp:term":[{"taxonomy":"product_brand","embeddable":true,"href":"https:\/\/vanfittery.de\/fr\/wp-json\/wp\/v2\/product_brand?post=6664"},{"taxonomy":"product_cat","embeddable":true,"href":"https:\/\/vanfittery.de\/fr\/wp-json\/wp\/v2\/product_cat?post=6664"},{"taxonomy":"product_tag","embeddable":true,"href":"https:\/\/vanfittery.de\/fr\/wp-json\/wp\/v2\/product_tag?post=6664"}],"curies":[{"name":"wp","href":"https:\/\/api.w.org\/{rel}","templated":true}]}}