{"id":6673,"date":"2025-02-10T13:36:58","date_gmt":"2025-02-10T12:36:58","guid":{"rendered":"https:\/\/vanfittery.de\/?post_type=product&#038;p=6673"},"modified":"2026-04-03T13:43:37","modified_gmt":"2026-04-03T11:43:37","slug":"support-de-rechaud-y-compris-rechaud-a-gaz","status":"publish","type":"product","link":"https:\/\/vanfittery.de\/fr\/produkt\/kocherhalterung-inkl-gaskocher\/","title":{"rendered":"Support de r\u00e9chaud, y compris r\u00e9chaud \u00e0 gaz"},"content":{"rendered":"<div data-elementor-type=\"product-post\" data-elementor-id=\"6673\" class=\"elementor elementor-6673\" data-elementor-post-type=\"product\">\n\t\t\t\t<div class=\"elementor-element elementor-element-5d1e79c e-flex e-con-boxed e-con e-parent\" data-id=\"5d1e79c\" data-element_type=\"container\" data-e-type=\"container\">\n\t\t\t\t\t<div class=\"e-con-inner\">\n\t\t\t\t<div class=\"elementor-element elementor-element-dab51b3 elementor-widget elementor-widget-text-editor\" data-id=\"dab51b3\" data-element_type=\"widget\" data-e-type=\"widget\" data-widget_type=\"text-editor.default\">\n\t\t\t\t<div class=\"elementor-widget-container\">\n\t\t\t\t\t\t\t\t\t<p>Le r\u00e9chaud \u00e0 gaz optionnel, support inclus, peut \u00eatre accroch\u00e9 \u00e0 presque n'importe quel endroit. Le support est con\u00e7u de mani\u00e8re \u00e0 ce qu'il soit bien fix\u00e9 et stable sur chacun de nos modules gr\u00e2ce \u00e0 l'\u00e9paisseur uniforme du mat\u00e9riau.<\/p><p>Apr\u00e8s utilisation, l'ensemble peut \u00eatre rang\u00e9 en toute s\u00e9curit\u00e9 dans le tiroir, ce qui permet de gagner de la place. La taille correspond \u00e0 celle d'une bo\u00eete de 11 litres.<\/p><p>Le support de r\u00e9chaud permet d'\u00e9quiper l'extension arri\u00e8re en une cuisine arri\u00e8re \u00e0 part enti\u00e8re. Il peut par exemple \u00eatre combin\u00e9 avec une glaci\u00e8re \u00e0 compresseur et la table suspendue.<\/p>\t\t\t\t\t\t\t\t<\/div>\n\t\t\t\t<\/div>\n\t\t\t\t<div class=\"elementor-element elementor-element-9098eba elementor-widget__width-initial elementor-arrows-position-inside elementor-pagination-position-outside elementor-widget elementor-widget-image-carousel\" data-id=\"9098eba\" data-element_type=\"widget\" data-e-type=\"widget\" data-settings=\"{&quot;slides_to_show&quot;:&quot;1&quot;,&quot;navigation&quot;:&quot;both&quot;,&quot;autoplay&quot;:&quot;yes&quot;,&quot;pause_on_hover&quot;:&quot;yes&quot;,&quot;pause_on_interaction&quot;:&quot;yes&quot;,&quot;autoplay_speed&quot;:5000,&quot;infinite&quot;:&quot;yes&quot;,&quot;effect&quot;:&quot;slide&quot;,&quot;speed&quot;:500}\" data-widget_type=\"image-carousel.default\">\n\t\t\t\t<div class=\"elementor-widget-container\">\n\t\t\t\t\t\t\t<div class=\"elementor-image-carousel-wrapper swiper\" role=\"region\" aria-roledescription=\"carousel\" aria-label=\"Image Carrousel\" dir=\"ltr\">\n\t\t\t<div class=\"elementor-image-carousel swiper-wrapper\" aria-live=\"off\">\n\t\t\t\t\t\t\t\t<div class=\"swiper-slide\" role=\"group\" aria-roledescription=\"slide\" aria-label=\"1 sur 5\"><a data-elementor-open-lightbox=\"yes\" data-elementor-lightbox-slideshow=\"9098eba\" data-e-action-hash=\"#elementor-action%3Aaction%3Dlightbox%26settings%3DeyJpZCI6MzU4NywidXJsIjoiaHR0cHM6XC9cL3ZhbmZpdHRlcnkuZGVcL3dwLWNvbnRlbnRcL3VwbG9hZHNcLzIwMjVcLzAxXC9DYW1waW5nQm94LUNsYXNzaWMtS29jaGVyaGFsdGVyLW1pdC1LYWZmZWUtRGV0YWlsLTEuanBnIiwic2xpZGVzaG93IjoiOTA5OGViYSJ9\" href=\"https:\/\/vanfittery.de\/wp-content\/uploads\/2025\/01\/CampingBox-Classic-Kocherhalter-mit-Kaffee-Detail-1.jpg\"><figure class=\"swiper-slide-inner\"><img decoding=\"async\" class=\"swiper-slide-image\" src=\"https:\/\/vanfittery.de\/wp-content\/uploads\/2025\/01\/CampingBox-Classic-Kocherhalter-mit-Kaffee-Detail-1.jpg\" alt=\"Un r\u00e9chaud de camping avec une cafeti\u00e8re est plac\u00e9 sur une table extensible mont\u00e9e \u00e0 l&#039;arri\u00e8re d&#039;un v\u00e9hicule et offre une solution pratique pour cuisiner en plein air.\" \/><\/figure><\/a><\/div><div class=\"swiper-slide\" role=\"group\" aria-roledescription=\"slide\" aria-label=\"2 sur 5\"><a data-elementor-open-lightbox=\"yes\" data-elementor-lightbox-slideshow=\"9098eba\" data-e-action-hash=\"#elementor-action%3Aaction%3Dlightbox%26settings%3DeyJpZCI6MzU4NiwidXJsIjoiaHR0cHM6XC9cL3ZhbmZpdHRlcnkuZGVcL3dwLWNvbnRlbnRcL3VwbG9hZHNcLzIwMjVcLzAxXC9DYW1waW5nQm94LUNsYXNzaWMtS2FmZmVrb2NoZW4uanBnIiwic2xpZGVzaG93IjoiOTA5OGViYSJ9\" href=\"https:\/\/vanfittery.de\/wp-content\/uploads\/2025\/01\/CampingBox-Classic-Kaffekochen.jpg\"><figure class=\"swiper-slide-inner\"><img decoding=\"async\" class=\"swiper-slide-image\" src=\"https:\/\/vanfittery.de\/wp-content\/uploads\/2025\/01\/CampingBox-Classic-Kaffekochen.jpg\" alt=\"Une personne pr\u00e9pare du caf\u00e9 sur un r\u00e9chaud de camping, debout devant un module de cuisine mobile utilis\u00e9 lors d&#039;une excursion en camping.\" \/><\/figure><\/a><\/div><div class=\"swiper-slide\" role=\"group\" aria-roledescription=\"slide\" aria-label=\"3 sur 5\"><a data-elementor-open-lightbox=\"yes\" data-elementor-lightbox-slideshow=\"9098eba\" data-e-action-hash=\"#elementor-action%3Aaction%3Dlightbox%26settings%3DeyJpZCI6MzE2MSwidXJsIjoiaHR0cHM6XC9cL3ZhbmZpdHRlcnkuZGVcL3dwLWNvbnRlbnRcL3VwbG9hZHNcLzIwMjVcLzAxXC9DYW1waW5nQm94LVByby1IZWNrYXVzenVnLWhvY2gtcmVjaHRzLVp1YmVob2VyLmpwZyIsInNsaWRlc2hvdyI6IjkwOThlYmEifQ%3D%3D\" href=\"https:\/\/vanfittery.de\/wp-content\/uploads\/2025\/01\/CampingBox-Pro-Heckauszug-hoch-rechts-Zubehoer.jpg\"><figure class=\"swiper-slide-inner\"><img decoding=\"async\" class=\"swiper-slide-image\" src=\"https:\/\/vanfittery.de\/wp-content\/uploads\/2025\/01\/CampingBox-Pro-Heckauszug-hoch-rechts-Zubehoer.jpg\" alt=\"Un module de table de camping d\u00e9pli\u00e9 avec un r\u00e9chaud et une tasse se trouve \u00e0 l&#039;arri\u00e8re d&#039;un van, id\u00e9al pour pr\u00e9parer les repas en camping.\" \/><figcaption class=\"elementor-image-carousel-caption\">Support de r\u00e9chaud pour notre CampingBox \"Pro\"<\/figcaption><\/figure><\/a><\/div><div class=\"swiper-slide\" role=\"group\" aria-roledescription=\"slide\" aria-label=\"4 sur 5\"><a data-elementor-open-lightbox=\"yes\" data-elementor-lightbox-slideshow=\"9098eba\" data-e-action-hash=\"#elementor-action%3Aaction%3Dlightbox%26settings%3DeyJpZCI6MjM2OSwidXJsIjoiaHR0cHM6XC9cL3ZhbmZpdHRlcnkuZGVcL3dwLWNvbnRlbnRcL3VwbG9hZHNcLzIwMjVcLzAxXC9LVl96d2VpdGUtS29jaHN0ZWxsZS1taXQtS29jaGVyaGFsdGVyLmpwZyIsInNsaWRlc2hvdyI6IjkwOThlYmEifQ%3D%3D\" href=\"https:\/\/vanfittery.de\/wp-content\/uploads\/2025\/01\/KV_zweite-Kochstelle-mit-Kocherhalter.jpg\"><figure class=\"swiper-slide-inner\"><img decoding=\"async\" class=\"swiper-slide-image\" src=\"https:\/\/vanfittery.de\/wp-content\/uploads\/2025\/01\/KV_zweite-Kochstelle-mit-Kocherhalter.jpg\" alt=\"Un module de cuisine de camping moderne avec deux plaques de cuisson au gaz et une casserole en acier inoxydable, id\u00e9al pour pr\u00e9parer des repas en plein air.\" \/><\/figure><\/a><\/div><div class=\"swiper-slide\" role=\"group\" aria-roledescription=\"slide\" aria-label=\"5 sur 5\"><a data-elementor-open-lightbox=\"yes\" data-elementor-lightbox-slideshow=\"9098eba\" data-e-action-hash=\"#elementor-action%3Aaction%3Dlightbox%26settings%3DeyJpZCI6MjA2NywidXJsIjoiaHR0cHM6XC9cL3ZhbmZpdHRlcnkuZGVcL3dwLWNvbnRlbnRcL3VwbG9hZHNcLzIwMjVcLzAxXC9CUUFfSGVja2F1c3p1Zy1taXQtS29jaGVyaGFsdGVydW5nLmpwZyIsInNsaWRlc2hvdyI6IjkwOThlYmEifQ%3D%3D\" href=\"https:\/\/vanfittery.de\/wp-content\/uploads\/2025\/01\/BQA_Heckauszug-mit-Kocherhalterung.jpg\"><figure class=\"swiper-slide-inner\"><img decoding=\"async\" class=\"swiper-slide-image\" src=\"https:\/\/vanfittery.de\/wp-content\/uploads\/2025\/01\/BQA_Heckauszug-mit-Kocherhalterung.jpg\" alt=\"Module de cuisine pratique pour les v\u00e9hicules de camping, qui offre une station de cuisson extractible et une surface de rangement.\" \/><figcaption class=\"elementor-image-carousel-caption\">Coulisse arri\u00e8re avec support de r\u00e9chaud pour le \"lit coulissant transversal\"<\/figcaption><\/figure><\/a><\/div>\t\t\t<\/div>\n\t\t\t\t\t\t\t\t\t\t\t\t<div class=\"elementor-swiper-button elementor-swiper-button-prev\" role=\"button\" tabindex=\"0\">\n\t\t\t\t\t\t<svg aria-hidden=\"true\" class=\"e-font-icon-svg e-eicon-chevron-left\" viewbox=\"0 0 1000 1000\" xmlns=\"http:\/\/www.w3.org\/2000\/svg\"><path d=\"M646 125C629 125 613 133 604 142L308 442C296 454 292 471 292 487 292 504 296 521 308 533L604 854C617 867 629 875 646 875 663 875 679 871 692 858 704 846 713 829 713 812 713 796 708 779 692 767L438 487 692 225C700 217 708 204 708 187 708 171 704 154 692 142 675 129 663 125 646 125Z\"><\/path><\/svg>\t\t\t\t\t<\/div>\n\t\t\t\t\t<div class=\"elementor-swiper-button elementor-swiper-button-next\" role=\"button\" tabindex=\"0\">\n\t\t\t\t\t\t<svg aria-hidden=\"true\" class=\"e-font-icon-svg e-eicon-chevron-right\" viewbox=\"0 0 1000 1000\" xmlns=\"http:\/\/www.w3.org\/2000\/svg\"><path d=\"M696 533C708 521 713 504 713 487 713 471 708 454 696 446L400 146C388 133 375 125 354 125 338 125 325 129 313 142 300 154 292 171 292 187 292 204 296 221 308 233L563 492 304 771C292 783 288 800 288 817 288 833 296 850 308 863 321 871 338 875 354 875 371 875 388 867 400 854L696 533Z\"><\/path><\/svg>\t\t\t\t\t<\/div>\n\t\t\t\t\n\t\t\t\t\t\t\t\t\t<div class=\"swiper-pagination\"><\/div>\n\t\t\t\t\t\t\t\t\t<\/div>\n\t\t\t\t\t\t<\/div>\n\t\t\t\t<\/div>\n\t\t\t\t\t<\/div>\n\t\t\t\t<\/div>\n\t\t\t\t<\/div>","protected":false},"excerpt":{"rendered":"<p><strong><span style=\"color: #dca54a;\">\u2714<\/span>\u00a0 <\/strong>Support de r\u00e9chaud \u00e0 accrocher dans le tiroir<br \/>\n<strong><span style=\"color: #dca54a;\">\u2714<\/span>\u00a0 <\/strong>R\u00e9chaud \u00e0 gaz avec s\u00e9curit\u00e9 d'allumage<br \/>\n<strong><span style=\"color: #dca54a;\">\u2714<\/span>\u00a0 <\/strong>Adapt\u00e9 \u00e0 chacun de nos modules<\/p>","protected":false},"featured_media":3335,"template":"","meta":{"_acf_changed":false,"iawp_total_views":1045},"product_brand":[],"product_cat":[59,57,58,55],"product_tag":[],"class_list":{"0":"post-6673","1":"product","2":"type-product","3":"status-publish","4":"has-post-thumbnail","6":"product_cat-grossraumtransporter","7":"product_cat-hochdachkombi","8":"product_cat-kleintransporter","9":"product_cat-zubehoer","10":"product_shipping_class-paketversand","12":"first","13":"instock","14":"taxable","15":"shipping-taxable","16":"purchasable","17":"product-type-variable"},"acf":[],"_links":{"self":[{"href":"https:\/\/vanfittery.de\/fr\/wp-json\/wp\/v2\/product\/6673","targetHints":{"allow":["GET"]}}],"collection":[{"href":"https:\/\/vanfittery.de\/fr\/wp-json\/wp\/v2\/product"}],"about":[{"href":"https:\/\/vanfittery.de\/fr\/wp-json\/wp\/v2\/types\/product"}],"version-history":[{"count":1,"href":"https:\/\/vanfittery.de\/fr\/wp-json\/wp\/v2\/product\/6673\/revisions"}],"predecessor-version":[{"id":13873,"href":"https:\/\/vanfittery.de\/fr\/wp-json\/wp\/v2\/product\/6673\/revisions\/13873"}],"wp:featuredmedia":[{"embeddable":true,"href":"https:\/\/vanfittery.de\/fr\/wp-json\/wp\/v2\/media\/3335"}],"wp:attachment":[{"href":"https:\/\/vanfittery.de\/fr\/wp-json\/wp\/v2\/media?parent=6673"}],"wp:term":[{"taxonomy":"product_brand","embeddable":true,"href":"https:\/\/vanfittery.de\/fr\/wp-json\/wp\/v2\/product_brand?post=6673"},{"taxonomy":"product_cat","embeddable":true,"href":"https:\/\/vanfittery.de\/fr\/wp-json\/wp\/v2\/product_cat?post=6673"},{"taxonomy":"product_tag","embeddable":true,"href":"https:\/\/vanfittery.de\/fr\/wp-json\/wp\/v2\/product_tag?post=6673"}],"curies":[{"name":"wp","href":"https:\/\/api.w.org\/{rel}","templated":true}]}}