{"id":6680,"date":"2025-02-10T13:45:15","date_gmt":"2025-02-10T12:45:15","guid":{"rendered":"https:\/\/vanfittery.de\/?post_type=product&#038;p=6680"},"modified":"2026-05-07T10:41:07","modified_gmt":"2026-05-07T08:41:07","slug":"amortisseurs-de-hayon-renforces-vw-caddy","status":"publish","type":"product","link":"https:\/\/vanfittery.de\/fr\/produkt\/verstaerkte-heckklappendaempfer-vw-caddy\/","title":{"rendered":"Amortisseurs de hayon renforc\u00e9s pour VW Caddy"},"content":{"rendered":"<h2>Plus de stabilit\u00e9 pour ton hayon - m\u00eame avec un porte-bagages !<\/h2>\n<p>Nos amortisseurs de hayon renforc\u00e9s pour le Caddy et le Caddy Maxi de VW (mod\u00e8le 2K et SA, ann\u00e9es 2003-2020) <strong>maintiennent le hayon ouvert de mani\u00e8re fiable<\/strong>, si, par exemple, un\u00a0<strong>Porte-v\u00e9los, un porte-arri\u00e8re ou d'autres accessoires sur le hayon arri\u00e8re<\/strong>\u00a0est mont\u00e9.<\/p>\n<p>La force d'extraction des amortisseurs du hayon est de 1180 N ; cela correspond \u00e0 une force de maintien d'environ 21 kg au niveau de la poign\u00e9e de fermeture (attention : cette valeur peut varier selon les versions ou les temp\u00e9ratures). Gr\u00e2ce au rapport de levier, le hayon est \u00e9galement maintenu ouvert par des charges nettement plus lourdes, \u00e0 condition que leur centre de gravit\u00e9 se trouve \u201eplus haut\u201c que la poign\u00e9e de fermeture. C'est le cas de la plupart des porte-v\u00e9los et porte-bagages (voir les photos d'exemple).<\/p>\n<p>Lorsque le hayon n'est pas charg\u00e9, les forces de fermeture augmentent.<\/p>\n<p>Le montage s'effectue en quelques minutes, m\u00eame pour les non-initi\u00e9s. Il suffit de remplacer les amortisseurs par ceux d'origine. Les seuls outils n\u00e9cessaires sont un tournevis plat.<\/p>\n<p>Tu trouveras ici la vid\u00e9o d'installation :<\/p>\n<p><iframe hcb-fetch-image-from=\"https:\/\/youtu.be\/WC47f7qNW1Q\" title=\"Montage des amortisseurs de hayon renforc\u00e9s \/ des ressorts \u00e0 gaz sur le Caddy Camper VW, par exemple pour les porte-v\u00e9los\" width=\"800\" height=\"450\" src=\"https:\/\/www.youtube.com\/embed\/WC47f7qNW1Q?feature=oembed\" frameborder=\"0\" allow=\"accelerometer; autoplay; clipboard-write; encrypted-media; gyroscope; picture-in-picture; web-share\" referrerpolicy=\"strict-origin-when-cross-origin\" allowfullscreen><\/iframe><\/p>\n<p>Les amortisseurs sont fabriqu\u00e9s explicitement pour nous selon les sp\u00e9cifications. Fabricant : STABILUS, made in Germany.<\/p>\n<p>Prix par jeu (= 2 pi\u00e8ces), cela signifie que pour un v\u00e9hicule, la quantit\u00e9 command\u00e9e \u201e1\u201c est n\u00e9cessaire.<\/p>","protected":false},"excerpt":{"rendered":"<p><strong><span style=\"color: #dca54a;\">\u2714<\/span><\/strong> Maintient le hayon ouvert de mani\u00e8re fiable<strong><br \/>\n<span style=\"color: #dca54a;\">\u2714 <\/span><\/strong>Montage facile en quelques minutes<strong><br \/>\n<span style=\"color: #dca54a;\">\u2714<\/span><\/strong> Fabriqu\u00e9 en Allemagne<strong><br \/>\n<span style=\"color: #dca54a;\">\u2714 <\/span><\/strong>Convient parfaitement au Caddy VW (2003-2020)<\/p>","protected":false},"featured_media":9546,"template":"","meta":{"_acf_changed":false,"iawp_total_views":3012},"product_brand":[],"product_cat":[57,55],"product_tag":[],"class_list":{"0":"post-6680","1":"product","2":"type-product","3":"status-publish","4":"has-post-thumbnail","6":"product_cat-hochdachkombi","7":"product_cat-zubehoer","8":"product_shipping_class-paketversand","10":"first","11":"instock","12":"sale","13":"taxable","14":"shipping-taxable","15":"purchasable","16":"product-type-simple"},"acf":[],"_links":{"self":[{"href":"https:\/\/vanfittery.de\/fr\/wp-json\/wp\/v2\/product\/6680","targetHints":{"allow":["GET"]}}],"collection":[{"href":"https:\/\/vanfittery.de\/fr\/wp-json\/wp\/v2\/product"}],"about":[{"href":"https:\/\/vanfittery.de\/fr\/wp-json\/wp\/v2\/types\/product"}],"version-history":[{"count":3,"href":"https:\/\/vanfittery.de\/fr\/wp-json\/wp\/v2\/product\/6680\/revisions"}],"predecessor-version":[{"id":14012,"href":"https:\/\/vanfittery.de\/fr\/wp-json\/wp\/v2\/product\/6680\/revisions\/14012"}],"wp:featuredmedia":[{"embeddable":true,"href":"https:\/\/vanfittery.de\/fr\/wp-json\/wp\/v2\/media\/9546"}],"wp:attachment":[{"href":"https:\/\/vanfittery.de\/fr\/wp-json\/wp\/v2\/media?parent=6680"}],"wp:term":[{"taxonomy":"product_brand","embeddable":true,"href":"https:\/\/vanfittery.de\/fr\/wp-json\/wp\/v2\/product_brand?post=6680"},{"taxonomy":"product_cat","embeddable":true,"href":"https:\/\/vanfittery.de\/fr\/wp-json\/wp\/v2\/product_cat?post=6680"},{"taxonomy":"product_tag","embeddable":true,"href":"https:\/\/vanfittery.de\/fr\/wp-json\/wp\/v2\/product_tag?post=6680"}],"curies":[{"name":"wp","href":"https:\/\/api.w.org\/{rel}","templated":true}]}}