{"id":9045,"date":"2025-06-02T15:48:11","date_gmt":"2025-06-02T13:48:11","guid":{"rendered":"https:\/\/vanfittery.de\/?post_type=product&#038;p=9045"},"modified":"2026-03-17T11:20:44","modified_gmt":"2026-03-17T10:20:44","slug":"extension-arriere-pour-nissan-primastar-seaside-by-dethleffs","status":"publish","type":"product","link":"https:\/\/vanfittery.de\/fr\/produkt\/heckauszug-fuer-nissan-primastar-seaside-by-dethleffs\/","title":{"rendered":"Extension arri\u00e8re pour Nissan Primastar Seaside by Dethleffs"},"content":{"rendered":"<div data-elementor-type=\"product-post\" data-elementor-id=\"9045\" class=\"elementor elementor-9045\" data-elementor-post-type=\"product\">\n\t\t\t\t<div class=\"elementor-element elementor-element-1ff188b6 e-flex e-con-boxed e-con e-parent\" data-id=\"1ff188b6\" data-element_type=\"container\" data-e-type=\"container\">\n\t\t\t\t\t<div class=\"e-con-inner\">\n\t\t\t\t<div class=\"elementor-element elementor-element-14047b83 elementor-widget elementor-widget-text-editor\" data-id=\"14047b83\" data-element_type=\"widget\" data-e-type=\"widget\" data-widget_type=\"text-editor.default\">\n\t\t\t\t<div class=\"elementor-widget-container\">\n\t\t\t\t\t\t\t\t\t<p>Notre <strong>Extension arri\u00e8re pour le Nissan Primastar Seaside<\/strong> est, par rapport \u00e0 l'extension arri\u00e8re disponible d'origine, exactement <strong>adapt\u00e9 aux Euroboxes.<\/strong><\/p><p>Ils correspondent <strong>2 Euroboxes de 40x30cm <span style=\"text-decoration: underline;\">et<\/span> 2 Eurobox de 60x40cm aspirant dans le tiroir.<\/strong> <span style=\"font-size: 1rem; text-align: var(--text-align);\">La hauteur utile est de 52 cm, ce qui permet d'accueillir exactement <strong>une EuroBox de 32 cm et une autre de 20 cm de haut, superpos\u00e9es.\u00a0<\/strong><\/span><\/p><p>\u00a0<\/p>\t\t\t\t\t\t\t\t<\/div>\n\t\t\t\t<\/div>\n\t\t\t\t\t<\/div>\n\t\t\t\t<\/div>\n\t\t<div class=\"elementor-element elementor-element-e4ce55a e-flex e-con-boxed e-con e-parent\" data-id=\"e4ce55a\" data-element_type=\"container\" data-e-type=\"container\">\n\t\t\t\t\t<div class=\"e-con-inner\">\n\t\t\t\t<div class=\"elementor-element elementor-element-cc889ef elementor-widget__width-initial elementor-arrows-position-inside elementor-pagination-position-outside elementor-widget elementor-widget-image-carousel\" data-id=\"cc889ef\" data-element_type=\"widget\" data-e-type=\"widget\" data-settings=\"{&quot;slides_to_show&quot;:&quot;1&quot;,&quot;navigation&quot;:&quot;both&quot;,&quot;autoplay&quot;:&quot;yes&quot;,&quot;pause_on_hover&quot;:&quot;yes&quot;,&quot;pause_on_interaction&quot;:&quot;yes&quot;,&quot;autoplay_speed&quot;:5000,&quot;infinite&quot;:&quot;yes&quot;,&quot;effect&quot;:&quot;slide&quot;,&quot;speed&quot;:500}\" data-widget_type=\"image-carousel.default\">\n\t\t\t\t<div class=\"elementor-widget-container\">\n\t\t\t\t\t\t\t<div class=\"elementor-image-carousel-wrapper swiper\" role=\"region\" aria-roledescription=\"carousel\" aria-label=\"Image Carrousel\" dir=\"ltr\">\n\t\t\t<div class=\"elementor-image-carousel swiper-wrapper\" aria-live=\"off\">\n\t\t\t\t\t\t\t\t<div class=\"swiper-slide\" role=\"group\" aria-roledescription=\"slide\" aria-label=\"1 sur 6\"><a data-elementor-open-lightbox=\"yes\" data-elementor-lightbox-slideshow=\"cc889ef\" data-e-action-hash=\"#elementor-action%3Aaction%3Dlightbox%26settings%3DeyJpZCI6OTA0OCwidXJsIjoiaHR0cHM6XC9cL3ZhbmZpdHRlcnkuZGVcL3dwLWNvbnRlbnRcL3VwbG9hZHNcLzIwMjVcLzA2XC9JTUdfNjQ5Mi1zY2FsZWQuanBnIiwic2xpZGVzaG93IjoiY2M4ODllZiJ9\" href=\"https:\/\/vanfittery.de\/wp-content\/uploads\/2025\/06\/IMG_6492-scaled.jpg\"><figure class=\"swiper-slide-inner\"><img decoding=\"async\" class=\"swiper-slide-image\" src=\"https:\/\/vanfittery.de\/wp-content\/uploads\/2025\/06\/IMG_6492-scaled.jpg\" alt=\"Extension arri\u00e8re des boxes\" \/><figcaption class=\"elementor-image-carousel-caption\">L'extension arri\u00e8re exploite au mieux l'espace disponible...<\/figcaption><\/figure><\/a><\/div><div class=\"swiper-slide\" role=\"group\" aria-roledescription=\"slide\" aria-label=\"2 sur 6\"><a data-elementor-open-lightbox=\"yes\" data-elementor-lightbox-slideshow=\"cc889ef\" data-e-action-hash=\"#elementor-action%3Aaction%3Dlightbox%26settings%3DeyJpZCI6OTA0NywidXJsIjoiaHR0cHM6XC9cL3ZhbmZpdHRlcnkuZGVcL3dwLWNvbnRlbnRcL3VwbG9hZHNcLzIwMjVcLzA2XC9JTUdfNjQ5MS1zY2FsZWQuanBnIiwic2xpZGVzaG93IjoiY2M4ODllZiJ9\" href=\"https:\/\/vanfittery.de\/wp-content\/uploads\/2025\/06\/IMG_6491-scaled.jpg\"><figure class=\"swiper-slide-inner\"><img decoding=\"async\" class=\"swiper-slide-image\" src=\"https:\/\/vanfittery.de\/wp-content\/uploads\/2025\/06\/IMG_6491-scaled.jpg\" alt=\"Extension arri\u00e8re des boxes\" \/><figcaption class=\"elementor-image-carousel-caption\">... et se fixe simplement sur les rails Airlin d'origine.<\/figcaption><\/figure><\/a><\/div><div class=\"swiper-slide\" role=\"group\" aria-roledescription=\"slide\" aria-label=\"3 sur 6\"><a data-elementor-open-lightbox=\"yes\" data-elementor-lightbox-slideshow=\"cc889ef\" data-e-action-hash=\"#elementor-action%3Aaction%3Dlightbox%26settings%3DeyJpZCI6OTA0OSwidXJsIjoiaHR0cHM6XC9cL3ZhbmZpdHRlcnkuZGVcL3dwLWNvbnRlbnRcL3VwbG9hZHNcLzIwMjVcLzA2XC9JTUdfNjQ5NC1zY2FsZWQuanBnIiwic2xpZGVzaG93IjoiY2M4ODllZiJ9\" href=\"https:\/\/vanfittery.de\/wp-content\/uploads\/2025\/06\/IMG_6494-scaled.jpg\"><figure class=\"swiper-slide-inner\"><img decoding=\"async\" class=\"swiper-slide-image\" src=\"https:\/\/vanfittery.de\/wp-content\/uploads\/2025\/06\/IMG_6494-scaled.jpg\" alt=\"Extension arri\u00e8re des boxes\" \/><figcaption class=\"elementor-image-carousel-caption\">Deux Eurobox de 30x40 cm et deux de 60x40 cm peuvent \u00eatre plac\u00e9es dans les casiers.<\/figcaption><\/figure><\/a><\/div><div class=\"swiper-slide\" role=\"group\" aria-roledescription=\"slide\" aria-label=\"4 sur 6\"><a data-elementor-open-lightbox=\"yes\" data-elementor-lightbox-slideshow=\"cc889ef\" data-e-action-hash=\"#elementor-action%3Aaction%3Dlightbox%26settings%3DeyJpZCI6OTA1MCwidXJsIjoiaHR0cHM6XC9cL3ZhbmZpdHRlcnkuZGVcL3dwLWNvbnRlbnRcL3VwbG9hZHNcLzIwMjVcLzA2XC9JTUdfNjQ5Ni1zY2FsZWQuanBnIiwic2xpZGVzaG93IjoiY2M4ODllZiJ9\" href=\"https:\/\/vanfittery.de\/wp-content\/uploads\/2025\/06\/IMG_6496-scaled.jpg\"><figure class=\"swiper-slide-inner\"><img decoding=\"async\" class=\"swiper-slide-image\" src=\"https:\/\/vanfittery.de\/wp-content\/uploads\/2025\/06\/IMG_6496-scaled.jpg\" alt=\"Extension arri\u00e8re des boxes\" \/><figcaption class=\"elementor-image-carousel-caption\">En hauteur, il est possible de superposer exactement une Eurobox de 32 cm et une de 20 cm. <\/figcaption><\/figure><\/a><\/div><div class=\"swiper-slide\" role=\"group\" aria-roledescription=\"slide\" aria-label=\"5 sur 6\"><a data-elementor-open-lightbox=\"yes\" data-elementor-lightbox-slideshow=\"cc889ef\" data-e-action-hash=\"#elementor-action%3Aaction%3Dlightbox%26settings%3DeyJpZCI6OTA1MywidXJsIjoiaHR0cHM6XC9cL3ZhbmZpdHRlcnkuZGVcL3dwLWNvbnRlbnRcL3VwbG9hZHNcLzIwMjVcLzA2XC9JTUdfNjUwNC1zY2FsZWQuanBnIiwic2xpZGVzaG93IjoiY2M4ODllZiJ9\" href=\"https:\/\/vanfittery.de\/wp-content\/uploads\/2025\/06\/IMG_6504-scaled.jpg\"><figure class=\"swiper-slide-inner\"><img decoding=\"async\" class=\"swiper-slide-image\" src=\"https:\/\/vanfittery.de\/wp-content\/uploads\/2025\/06\/IMG_6504-scaled.jpg\" alt=\"Extension arri\u00e8re des boxes\" \/><figcaption class=\"elementor-image-carousel-caption\">L'espace disponible est ainsi utilis\u00e9 de mani\u00e8re optimale.<\/figcaption><\/figure><\/a><\/div><div class=\"swiper-slide\" role=\"group\" aria-roledescription=\"slide\" aria-label=\"6 sur 6\"><a data-elementor-open-lightbox=\"yes\" data-elementor-lightbox-slideshow=\"cc889ef\" data-e-action-hash=\"#elementor-action%3Aaction%3Dlightbox%26settings%3DeyJpZCI6OTA1NCwidXJsIjoiaHR0cHM6XC9cL3ZhbmZpdHRlcnkuZGVcL3dwLWNvbnRlbnRcL3VwbG9hZHNcLzIwMjVcLzA2XC9JTUdfNjUwNi1zY2FsZWQuanBnIiwic2xpZGVzaG93IjoiY2M4ODllZiJ9\" href=\"https:\/\/vanfittery.de\/wp-content\/uploads\/2025\/06\/IMG_6506-scaled.jpg\"><figure class=\"swiper-slide-inner\"><img decoding=\"async\" class=\"swiper-slide-image\" src=\"https:\/\/vanfittery.de\/wp-content\/uploads\/2025\/06\/IMG_6506-scaled.jpg\" alt=\"Extension arri\u00e8re des boxes\" \/><figcaption class=\"elementor-image-carousel-caption\">Si n\u00e9cessaire, les bo\u00eetes peuvent \u00eatre s\u00e9curis\u00e9es au moyen d'une sangle d'arrimage.<\/figcaption><\/figure><\/a><\/div>\t\t\t<\/div>\n\t\t\t\t\t\t\t\t\t\t\t\t<div class=\"elementor-swiper-button elementor-swiper-button-prev\" role=\"button\" tabindex=\"0\">\n\t\t\t\t\t\t<svg aria-hidden=\"true\" class=\"e-font-icon-svg e-eicon-chevron-left\" viewbox=\"0 0 1000 1000\" xmlns=\"http:\/\/www.w3.org\/2000\/svg\"><path d=\"M646 125C629 125 613 133 604 142L308 442C296 454 292 471 292 487 292 504 296 521 308 533L604 854C617 867 629 875 646 875 663 875 679 871 692 858 704 846 713 829 713 812 713 796 708 779 692 767L438 487 692 225C700 217 708 204 708 187 708 171 704 154 692 142 675 129 663 125 646 125Z\"><\/path><\/svg>\t\t\t\t\t<\/div>\n\t\t\t\t\t<div class=\"elementor-swiper-button elementor-swiper-button-next\" role=\"button\" tabindex=\"0\">\n\t\t\t\t\t\t<svg aria-hidden=\"true\" class=\"e-font-icon-svg e-eicon-chevron-right\" viewbox=\"0 0 1000 1000\" xmlns=\"http:\/\/www.w3.org\/2000\/svg\"><path d=\"M696 533C708 521 713 504 713 487 713 471 708 454 696 446L400 146C388 133 375 125 354 125 338 125 325 129 313 142 300 154 292 171 292 187 292 204 296 221 308 233L563 492 304 771C292 783 288 800 288 817 288 833 296 850 308 863 321 871 338 875 354 875 371 875 388 867 400 854L696 533Z\"><\/path><\/svg>\t\t\t\t\t<\/div>\n\t\t\t\t\n\t\t\t\t\t\t\t\t\t<div class=\"swiper-pagination\"><\/div>\n\t\t\t\t\t\t\t\t\t<\/div>\n\t\t\t\t\t\t<\/div>\n\t\t\t\t<\/div>\n\t\t\t\t<div class=\"elementor-element elementor-element-d26dbbf elementor-widget elementor-widget-text-editor\" data-id=\"d26dbbf\" data-element_type=\"widget\" data-e-type=\"widget\" data-widget_type=\"text-editor.default\">\n\t\t\t\t<div class=\"elementor-widget-container\">\n\t\t\t\t\t\t\t\t\t<p><span style=\"font-size: 1rem; text-align: var(--text-align);\">En fonction de la plus grande possibilit\u00e9 de chargement, les <strong>rails pour une charge utile de 180kg<\/strong> dans l'extension arri\u00e8re. <\/span><span style=\"font-size: 1rem; text-align: var(--text-align);\">Des rainures sont pratiqu\u00e9es \u00e0 travers lesquelles <strong>les boxes sont s\u00e9curis\u00e9s avec une sangle d'arrimage classique<\/strong> peuvent \u00eatre utilis\u00e9s.<\/span><\/p><p>Mat\u00e9riau : bouleau multiplex 12 mm avec rev\u00eatement en r\u00e9sine ph\u00e9nolique gris clair. \u00c9galement disponible en noir, blanc ou naturel.<\/p><p>Contenu de la livraison : Extension arri\u00e8re compl\u00e8tement mont\u00e9e, mat\u00e9riel de fixation inclus, excl. Euroboxes<\/p>\t\t\t\t\t\t\t\t<\/div>\n\t\t\t\t<\/div>\n\t\t\t\t\t<\/div>\n\t\t\t\t<\/div>\n\t\t\t\t<\/div>","protected":false},"excerpt":{"rendered":"<p><span style=\"color: #dca54a;\"><strong>\u2714<\/strong> <\/span> Dimensions adapt\u00e9es \u00e0 l'utilisation des EuroBoxes<br \/>\n<span style=\"color: #dca54a;\"><strong>\u2714<\/strong> <\/span> charge utile sur la rallonge arri\u00e8re 180kg<br \/>\n<span style=\"color: #dca54a;\"><strong>\u2714<\/strong> <\/span> fixation sur les rails Airlin d'origine<br \/>\n<span style=\"color: #dca54a;\"><strong>\u2714<\/strong> <\/span> Compatibilit\u00e9 maximale des accessoires gr\u00e2ce \u00e0 la grille Eurobox<\/p>","protected":false},"featured_media":9052,"template":"","meta":{"_acf_changed":false,"iawp_total_views":986},"product_brand":[],"product_cat":[58,55],"product_tag":[],"class_list":{"0":"post-9045","1":"product","2":"type-product","3":"status-publish","4":"has-post-thumbnail","6":"product_cat-kleintransporter","7":"product_cat-zubehoer","8":"product_shipping_class-spedition-l","10":"first","11":"instock","12":"taxable","13":"shipping-taxable","14":"purchasable","15":"product-type-variable"},"acf":[],"_links":{"self":[{"href":"https:\/\/vanfittery.de\/fr\/wp-json\/wp\/v2\/product\/9045","targetHints":{"allow":["GET"]}}],"collection":[{"href":"https:\/\/vanfittery.de\/fr\/wp-json\/wp\/v2\/product"}],"about":[{"href":"https:\/\/vanfittery.de\/fr\/wp-json\/wp\/v2\/types\/product"}],"version-history":[{"count":1,"href":"https:\/\/vanfittery.de\/fr\/wp-json\/wp\/v2\/product\/9045\/revisions"}],"predecessor-version":[{"id":13862,"href":"https:\/\/vanfittery.de\/fr\/wp-json\/wp\/v2\/product\/9045\/revisions\/13862"}],"wp:featuredmedia":[{"embeddable":true,"href":"https:\/\/vanfittery.de\/fr\/wp-json\/wp\/v2\/media\/9052"}],"wp:attachment":[{"href":"https:\/\/vanfittery.de\/fr\/wp-json\/wp\/v2\/media?parent=9045"}],"wp:term":[{"taxonomy":"product_brand","embeddable":true,"href":"https:\/\/vanfittery.de\/fr\/wp-json\/wp\/v2\/product_brand?post=9045"},{"taxonomy":"product_cat","embeddable":true,"href":"https:\/\/vanfittery.de\/fr\/wp-json\/wp\/v2\/product_cat?post=9045"},{"taxonomy":"product_tag","embeddable":true,"href":"https:\/\/vanfittery.de\/fr\/wp-json\/wp\/v2\/product_tag?post=9045"}],"curies":[{"name":"wp","href":"https:\/\/api.w.org\/{rel}","templated":true}]}}