{"id":1528,"date":"2025-01-06T15:39:07","date_gmt":"2025-01-06T14:39:07","guid":{"rendered":"https:\/\/vanfittery.de\/zahlungsweisen\/"},"modified":"2026-02-17T19:56:53","modified_gmt":"2026-02-17T18:56:53","slug":"metodi-di-pagamento","status":"publish","type":"page","link":"https:\/\/vanfittery.de\/it\/zahlungsweisen\/","title":{"rendered":"Metodi di pagamento"},"content":{"rendered":"<h1 class=\"wp-block-heading\">Metodi di pagamento<\/h1>\n\n\n\n<p><strong>Metodi di pagamento<\/strong><\/p>\n\n\n\n<p>Offriamo i seguenti metodi di pagamento. Scegliete semplicemente il metodo di pagamento pi\u00f9 adatto a voi. Le spese di spedizione dipendono in parte dal metodo di pagamento selezionato. I prezzi indicati nelle rispettive offerte sono prezzi finali. Sono comprensivi di tutte le componenti del prezzo, incluse le tasse applicabili, come l'IVA. Solo in caso di consegne transfrontaliere, l'utente pu\u00f2 essere tenuto a pagare ulteriori tasse (ad esempio, in caso di acquisto intracomunitario) e\/o dazi (ad esempio, dazi doganali), ma non al venditore, bens\u00ec alle autorit\u00e0 doganali o fiscali competenti. Le spese di consegna e spedizione non sono incluse nel prezzo d'acquisto; possono essere richiamate tramite la pagina \u201eSpese di spedizione\u201c, sono indicate separatamente durante il processo d'ordine e sono a carico del cliente.<\/p>\n\n\n\n<!--<p><em>Nachnahme<\/em><br>Bitte halten Sie den Rechnungsbetrag bereit; der Zusteller kassiert bei Lieferung in bar (keine Schecks). Bei Nachnahme fallen zus\u00e4tzlich 6,50 EUR Nachnahmegeb\u00fchren an, die direkt an den Paketzusteller zu entrichten sind.<\/p>-->\n\n\n\n<!--<p><em>Lastschrift<\/em><br>Wir ziehen den Rechnungsbetrag Ihrer Bestellung von Ihrem hinterlegten Bankkonto nach der get\u00e4tigten Bestellung ein.<\/p>-->\n\n\n\n<!--<p><em>Auf Rechnung<\/em><br>Einfach bestellen und erst im Anschluss bezahlen.<\/p>-->\n\n\n\n<!--<p><em>Kreditkarte<\/em><br>Zahlen Sie ganz einfach per Kreditkarte.<\/p>-->\n\n\n\n<p><em><strong>PayPal<\/strong><\/em><\/p>\n\n\n\n<p>Pagate in modo ancora pi\u00f9 veloce e sicuro con il vostro conto PayPal.<\/p>\n\n\n\n<p><em><strong>Carta di credito (carta)<\/strong><\/em><\/p>\n\n\n\n<p>Pagate comodamente con carta di credito. Accettiamo Visa, Mastercard, American Express e Discover. Il conto della carta di credito verr\u00e0 addebitato al momento della conclusione dell'ordine.<\/p>\n\n\n\n<p><em><strong>Apple Pay e Google Pay<\/strong><\/em><\/p>\n\n\n\n<p>Pagate in modo particolarmente rapido direttamente tramite il vostro smartphone o il vostro conto collegato con Apple Pay o Google Pay.<\/p>\n\n\n\n<p><em><strong>Klarna<\/strong><\/em><\/p>\n\n\n\n<p>Utilizzate le opzioni di pagamento flessibili di Klarna per il vostro acquisto.<\/p>\n\n\n\n<p><em><strong>Fiducioso<\/strong><\/em><\/p>\n\n\n\n<p>Pagate in modo sicuro e direttamente tramite il vostro online banking senza lasciare il sito.<\/p>\n\n\n\n<p><em><strong>Pagamento anticipato<\/strong><\/em><\/p>\n\n\n\n<p>Si prega di trasferire l'importo totale dell'ordine sul nostro conto:<\/p>\n\n\n\n<p>Titolare del conto: CzoppikEngineering GmbH<br>IBAN: DE12 7436 2663 0005 2349 21<\/p>\n\n\n\n<!--<p><em>Barzahlung<\/em><br>Bestellen Sie online und holen Sie Ihre Bestellung bei uns im Laden einfach ab:<br>Demoshop, Demostra\u00dfe 13<br>12345 Musterstadt, Deutschland<br>Mo \u2013 Fr 8:30 \u2013 13:00, 14:30 \u2013 18:00<br>Sa 9:00 \u2013 13:00<\/p>-->","protected":false},"excerpt":{"rendered":"<p>Zahlungsweisen Zahlungsarten Wir bieten Ihnen folgende Zahlungsarten an. Suchen Sie sich einfach die f\u00fcr Sie optimale Zahlart aus. Die Versandkosten sind teilweise abh\u00e4ngig von der gew\u00e4hlten Zahlungsart. Die in den jeweiligen Angeboten angef\u00fchrten Preise stellen Endpreise dar. Sie beinhalten alle Preisbestandteile, einschlie\u00dflich etwaig anfallender Steuern wie Mehrwertsteuer. Nur bei grenz\u00fcberschreitender Lieferung k\u00f6nnen im Einzelfall weitere [&hellip;]<\/p>\n","protected":false},"author":5,"featured_media":0,"parent":0,"menu_order":0,"comment_status":"closed","ping_status":"closed","template":"","meta":{"_acf_changed":false,"iawp_total_views":202,"footnotes":""},"class_list":["post-1528","page","type-page","status-publish","hentry"],"acf":[],"_links":{"self":[{"href":"https:\/\/vanfittery.de\/it\/wp-json\/wp\/v2\/pages\/1528","targetHints":{"allow":["GET"]}}],"collection":[{"href":"https:\/\/vanfittery.de\/it\/wp-json\/wp\/v2\/pages"}],"about":[{"href":"https:\/\/vanfittery.de\/it\/wp-json\/wp\/v2\/types\/page"}],"author":[{"embeddable":true,"href":"https:\/\/vanfittery.de\/it\/wp-json\/wp\/v2\/users\/5"}],"replies":[{"embeddable":true,"href":"https:\/\/vanfittery.de\/it\/wp-json\/wp\/v2\/comments?post=1528"}],"version-history":[{"count":0,"href":"https:\/\/vanfittery.de\/it\/wp-json\/wp\/v2\/pages\/1528\/revisions"}],"wp:attachment":[{"href":"https:\/\/vanfittery.de\/it\/wp-json\/wp\/v2\/media?parent=1528"}],"curies":[{"name":"wp","href":"https:\/\/api.w.org\/{rel}","templated":true}]}}