{"id":2017,"date":"2025-01-14T15:10:16","date_gmt":"2025-01-14T14:10:16","guid":{"rendered":"https:\/\/vanfittery.de\/?post_type=product&#038;p=2017"},"modified":"2026-03-17T11:24:21","modified_gmt":"2026-03-17T10:24:21","slug":"telaio-di-montaggio-adattatore-di-montaggio-altoparlante-t5-t6-transporter-posteriore","status":"publish","type":"product","link":"https:\/\/vanfittery.de\/it\/produkt\/einbaurahmen-einbauadapter-lautsprecher-t5-t6-transporter-hinten\/","title":{"rendered":"Adattatore per l'installazione del diffusore T5 \/ T6 Transporter"},"content":{"rendered":"<h2>Posizione ottimale dei diffusori per un suono perfetto nel T5\/T6<\/h2>\n<p>Chiunque ami il buon suono nel proprio veicolo conosce il problema del Transporter T5 o T6: non c'\u00e8 praticamente nessuna posizione di montaggio adatta per gli altoparlanti posteriori. Se si installano i diffusori nel portellone posteriore, sono posizionati troppo in basso e la profondit\u00e0 di installazione \u00e8 quasi nulla. Se li si installa nel rivestimento laterale, si pu\u00f2 ottenere un'installazione stabile con molto sforzo, ma i diffusori suonano in una direzione molto sfavorevole. Il risultato \u00e8 tutt'altro che \u201chi-fi\u201d.<\/p>\n<p>I nostri adattatori di installazione per il Transporter T5 \/ T6 risolvono il problema: progettati in CAD, si adattano perfettamente ai contorni del veicolo e\u00a0<strong>Allineato esattamente all'altezza delle orecchie nell'abitacolo<\/strong>!<\/p>\n<p>Gli adattatori sono disponibili per diffusori da 13 cm e 16,5 cm e vengono avvitati tre volte al corpo o incollati con adesivo per parabrezza, se necessario.<\/p>\n<h3>Dimensioni 13 cm<\/h3>\n<p>Diametro esterno: 150 mm<\/p>\n<p>Diametro dell'apertura di installazione: 116 mm<\/p>\n<p>Lunghezza: 145 mm<\/p>\n<p>Diametro della vite di fissaggio: 134 mm<\/p>\n<h3>Dimensioni 16,5 cm<\/h3>\n<p>Diametro esterno: 167 mm<\/p>\n<p>Diametro dell'apertura di installazione: 145 mm<\/p>\n<p>Lunghezza: 180 mm<\/p>\n<p>Diametro della vite di fissaggio: 157 mm<\/p>\n<p>&nbsp;<\/p>\n<p><strong>Ambito di fornitura:<\/strong> 1 set (destro e sinistro) di adattatori di montaggio per il montante D del VW T5 \/ T6 Transporter. Pezzi stampati in 3D realizzati in PETG. La superficie pu\u00f2 presentare piccole imperfezioni tipiche della stampa 3D.<\/p>\n<p>Si prega di notare i tempi di consegna di circa 1-2 settimane, a seconda dell'attuale capacit\u00e0 di utilizzo delle stampanti 3D. Il tempo di stampa puro per un set \u00e8 di circa 32 ore!<\/p>","protected":false},"excerpt":{"rendered":"<p><strong><span style=\"color: #dca54a;\">\u2714<\/span>\u00a0 Posizionamento perfetto<\/strong><br \/>\nAdattatore per altoparlanti per il VW T5 \/ T6, allineato in modo ottimale all'altezza delle orecchie (adatto per altoparlanti da 13 cm e 16,5 cm).<\/p>\n<p><strong><span style=\"color: #dca54a;\">\u2714<\/span>\u00a0 Calzata precisa e stabile<br \/>\n<\/strong>Progettato al CAD, adattamento preciso ai contorni del veicolo, facile installazione con viti o adesivo per parabrezza.<\/p>","protected":false},"featured_media":2025,"template":"","meta":{"_acf_changed":false,"iawp_total_views":1343},"product_brand":[],"product_cat":[58,55],"product_tag":[],"class_list":{"0":"post-2017","1":"product","2":"type-product","3":"status-publish","4":"has-post-thumbnail","6":"product_cat-kleintransporter","7":"product_cat-zubehoer","8":"product_shipping_class-paketversand","10":"first","11":"instock","12":"taxable","13":"shipping-taxable","14":"purchasable","15":"product-type-variable"},"acf":[],"_links":{"self":[{"href":"https:\/\/vanfittery.de\/it\/wp-json\/wp\/v2\/product\/2017","targetHints":{"allow":["GET"]}}],"collection":[{"href":"https:\/\/vanfittery.de\/it\/wp-json\/wp\/v2\/product"}],"about":[{"href":"https:\/\/vanfittery.de\/it\/wp-json\/wp\/v2\/types\/product"}],"version-history":[{"count":1,"href":"https:\/\/vanfittery.de\/it\/wp-json\/wp\/v2\/product\/2017\/revisions"}],"predecessor-version":[{"id":13903,"href":"https:\/\/vanfittery.de\/it\/wp-json\/wp\/v2\/product\/2017\/revisions\/13903"}],"wp:featuredmedia":[{"embeddable":true,"href":"https:\/\/vanfittery.de\/it\/wp-json\/wp\/v2\/media\/2025"}],"wp:attachment":[{"href":"https:\/\/vanfittery.de\/it\/wp-json\/wp\/v2\/media?parent=2017"}],"wp:term":[{"taxonomy":"product_brand","embeddable":true,"href":"https:\/\/vanfittery.de\/it\/wp-json\/wp\/v2\/product_brand?post=2017"},{"taxonomy":"product_cat","embeddable":true,"href":"https:\/\/vanfittery.de\/it\/wp-json\/wp\/v2\/product_cat?post=2017"},{"taxonomy":"product_tag","embeddable":true,"href":"https:\/\/vanfittery.de\/it\/wp-json\/wp\/v2\/product_tag?post=2017"}],"curies":[{"name":"wp","href":"https:\/\/api.w.org\/{rel}","templated":true}]}}