{"id":3377,"date":"2025-01-25T16:38:59","date_gmt":"2025-01-25T15:38:59","guid":{"rendered":"https:\/\/vanfittery.de\/?post_type=product&#038;p=3377"},"modified":"2026-04-14T22:31:48","modified_gmt":"2026-04-14T20:31:48","slug":"gruppo-tavolo-da-pranzo-eurobox","status":"publish","type":"product","link":"https:\/\/vanfittery.de\/it\/produkt\/eurobox-tischgruppe-essgruppe\/","title":{"rendered":"Gruppo tavolo \/ gruppo pranzo EuroBox"},"content":{"rendered":"<p><strong>Dimensioni:<br \/>\n<\/strong><a href=\"\/it\/prodotto\/eurobox-40-x-30-x-32-cm\/\">EuroBox<\/a> circa 40 \u00d7 30 \u00d7 32 cm<br \/>\n<a href=\"\/it\/prodotto\/coperchio-in-bambu-per-eurobox-40x30cm\/\">Coperchio in bamb\u00f9<\/a> circa 40 \u00d7 30 cm<br \/>\n<a href=\"\/it\/prodotto\/tavolo-in-bambu-per-eurobox-40-x-30-cm\/\">Tavolo in bamb\u00f9<\/a> Piegato: ca. 40 \u00d7 30 cm, aperto ca. 40 \u00d7 60 \u00d7 2 cm<\/p>","protected":false},"excerpt":{"rendered":"<p><strong><span style=\"color: #dca54a;\">\u2714<\/span>\u00a0 <\/strong>Estende i classici EuroBox per formare un piccolo gruppo di tavolini<br \/>\n<strong><span style=\"color: #dca54a;\">\u2714<\/span>\u00a0 <\/strong>Materiale tavolo e coperchio: bamb\u00f9, oliato per uso alimentare<br \/>\n<strong><span style=\"color: #dca54a;\">\u2714<\/span>\u00a0 <\/strong>Contenuto della fornitura: 4x EuroBox, 2x coperchio in bamb\u00f9, 1x tavolo in bamb\u00f9<\/p>","protected":false},"featured_media":3367,"template":"","meta":{"_acf_changed":false,"iawp_total_views":484},"product_brand":[],"product_cat":[55],"product_tag":[],"class_list":{"0":"post-3377","1":"product","2":"type-product","3":"status-publish","4":"has-post-thumbnail","6":"product_cat-zubehoer","7":"product_shipping_class-paketversand","9":"first","10":"instock","11":"taxable","12":"shipping-taxable","13":"purchasable","14":"product-type-simple"},"acf":[],"_links":{"self":[{"href":"https:\/\/vanfittery.de\/it\/wp-json\/wp\/v2\/product\/3377","targetHints":{"allow":["GET"]}}],"collection":[{"href":"https:\/\/vanfittery.de\/it\/wp-json\/wp\/v2\/product"}],"about":[{"href":"https:\/\/vanfittery.de\/it\/wp-json\/wp\/v2\/types\/product"}],"version-history":[{"count":2,"href":"https:\/\/vanfittery.de\/it\/wp-json\/wp\/v2\/product\/3377\/revisions"}],"predecessor-version":[{"id":14435,"href":"https:\/\/vanfittery.de\/it\/wp-json\/wp\/v2\/product\/3377\/revisions\/14435"}],"wp:featuredmedia":[{"embeddable":true,"href":"https:\/\/vanfittery.de\/it\/wp-json\/wp\/v2\/media\/3367"}],"wp:attachment":[{"href":"https:\/\/vanfittery.de\/it\/wp-json\/wp\/v2\/media?parent=3377"}],"wp:term":[{"taxonomy":"product_brand","embeddable":true,"href":"https:\/\/vanfittery.de\/it\/wp-json\/wp\/v2\/product_brand?post=3377"},{"taxonomy":"product_cat","embeddable":true,"href":"https:\/\/vanfittery.de\/it\/wp-json\/wp\/v2\/product_cat?post=3377"},{"taxonomy":"product_tag","embeddable":true,"href":"https:\/\/vanfittery.de\/it\/wp-json\/wp\/v2\/product_tag?post=3377"}],"curies":[{"name":"wp","href":"https:\/\/api.w.org\/{rel}","templated":true}]}}