{"id":6646,"date":"2025-02-10T13:18:24","date_gmt":"2025-02-10T12:18:24","guid":{"rendered":"https:\/\/vanfittery.de\/?post_type=product&#038;p=6646"},"modified":"2026-03-17T11:21:58","modified_gmt":"2026-03-17T10:21:58","slug":"veicolo-in-feltro-estensibile","status":"publish","type":"product","link":"https:\/\/vanfittery.de\/it\/produkt\/fahrzeug-filz-dehnbar\/","title":{"rendered":"Feltro per veicoli estensibile (da 1 m\u00b2)"},"content":{"rendered":"<h2>Flessibile, robusto, collaudato: il feltro perfetto per il vostro ampliamento!<\/h2>\n<p>Non \u00e8 pi\u00f9 un consiglio da addetti ai lavori: l'infeltrimento rende\u00a0<strong>accogliente lamiera nuda, riduce il livello di rumorosit\u00e0 nell'abitacolo e isola<\/strong>\u00a0un po' contro le radiazioni di calore o di freddo.<\/p>\n<p>Anche se alcuni fornitori pretendono che il loro feltro sia qualcosa di molto speciale: sviluppato \u201eappositamente\u201c per le conversioni di furgoni, etichettato con nomi fanatici e naturalmente disponibile solo in esclusiva... \u00e8 e rimane feltro e non foglia d'oro.<\/p>\n<p>Utilizziamo feltro di un fornitore europeo specializzato in <strong>nella nostra esperienza un'elaborazione eccellente<\/strong>\u00a0piacevole al tatto e si \u00e8 dimostrata robusta. Abbiamo\u00a0<strong>ha gi\u00e0 equipaggiato numerosi veicoli<\/strong>\u00a0e acquistarlo in rotoli. Potete acquistarlo da noi in quantit\u00e0 standard per i consumatori a un prezzo equo.<\/p>\n<p>Il feltro pu\u00f2 essere\u00a0<strong>Basta tirare o allungare in tutte le direzioni<\/strong>, Ci\u00f2 significa che anche i non professionisti possono ottenere rapidamente risultati interessanti, anche se \u00e8 necessaria una certa manualit\u00e0. Il feltro si applica meglio con l'adesivo spray, disponibile anche da noi.<\/p>\n<p>Un lato \u00e8 un po' pi\u00f9 soffice, l'altro un po' pi\u00f9 liscio. Entrambi i lati possono essere utilizzati come lato visibile.<\/p>\n<p>Colore: antracite<br \/>\nLarghezza del rotolo: 2 m, cio\u00e8 1 metro quadro \u00e8 0,5 x 2 m, 2 metri quadri sono 1 x 2 m, ecc.<\/p>\n<p>Al momento dell'ordine, indicare la quantit\u00e0 desiderata <strong>in metri quadrati<\/strong> specificare.<\/p>","protected":false},"excerpt":{"rendered":"<p>11,90 \u20ac per 1 m\u00b2<\/p>\n<p><strong><span style=\"color: #dca54a;\">\u2714<\/span><\/strong> Il feltro rende accogliente la lamiera nuda<strong><br \/>\n<span style=\"color: #dca54a;\">\u2714<\/span> <\/strong>Riduce il livello di rumore negli interni<strong><br \/>\n<span style=\"color: #dca54a;\">\u2714<\/span><\/strong> Isola un po' dalle radiazioni di calore o di freddo.<strong><br \/>\n<span style=\"color: #dca54a;\">\u2714<\/span> <\/strong>Un lato \u00e8 un po' pi\u00f9 soffice, l'altro un po' pi\u00f9 liscio.<strong><br \/>\n<\/strong><\/p>","protected":false},"featured_media":6655,"template":"","meta":{"_acf_changed":false,"iawp_total_views":1046},"product_brand":[],"product_cat":[57,58,55],"product_tag":[],"class_list":{"0":"post-6646","1":"product","2":"type-product","3":"status-publish","4":"has-post-thumbnail","6":"product_cat-hochdachkombi","7":"product_cat-kleintransporter","8":"product_cat-zubehoer","9":"product_shipping_class-paketversand","11":"first","12":"instock","13":"taxable","14":"shipping-taxable","15":"purchasable","16":"product-type-simple"},"acf":[],"_links":{"self":[{"href":"https:\/\/vanfittery.de\/it\/wp-json\/wp\/v2\/product\/6646","targetHints":{"allow":["GET"]}}],"collection":[{"href":"https:\/\/vanfittery.de\/it\/wp-json\/wp\/v2\/product"}],"about":[{"href":"https:\/\/vanfittery.de\/it\/wp-json\/wp\/v2\/types\/product"}],"version-history":[{"count":1,"href":"https:\/\/vanfittery.de\/it\/wp-json\/wp\/v2\/product\/6646\/revisions"}],"predecessor-version":[{"id":13875,"href":"https:\/\/vanfittery.de\/it\/wp-json\/wp\/v2\/product\/6646\/revisions\/13875"}],"wp:featuredmedia":[{"embeddable":true,"href":"https:\/\/vanfittery.de\/it\/wp-json\/wp\/v2\/media\/6655"}],"wp:attachment":[{"href":"https:\/\/vanfittery.de\/it\/wp-json\/wp\/v2\/media?parent=6646"}],"wp:term":[{"taxonomy":"product_brand","embeddable":true,"href":"https:\/\/vanfittery.de\/it\/wp-json\/wp\/v2\/product_brand?post=6646"},{"taxonomy":"product_cat","embeddable":true,"href":"https:\/\/vanfittery.de\/it\/wp-json\/wp\/v2\/product_cat?post=6646"},{"taxonomy":"product_tag","embeddable":true,"href":"https:\/\/vanfittery.de\/it\/wp-json\/wp\/v2\/product_tag?post=6646"}],"curies":[{"name":"wp","href":"https:\/\/api.w.org\/{rel}","templated":true}]}}