{"id":6680,"date":"2025-02-10T13:45:15","date_gmt":"2025-02-10T12:45:15","guid":{"rendered":"https:\/\/vanfittery.de\/?post_type=product&#038;p=6680"},"modified":"2026-04-26T11:28:44","modified_gmt":"2026-04-26T09:28:44","slug":"paraurti-posteriore-rinforzato-vw-caddy","status":"publish","type":"product","link":"https:\/\/vanfittery.de\/it\/produkt\/verstaerkte-heckklappendaempfer-vw-caddy\/","title":{"rendered":"Ammortizzatori posteriori rinforzati per VW Caddy"},"content":{"rendered":"<h2>Maggiore stabilit\u00e0 per il portellone posteriore, anche con un portabagagli!<\/h2>\n<p>I nostri ammortizzatori posteriori rinforzati per VW Caddy e Caddy Maxi (modello 2K e SA, anni di costruzione 2003-2020) <strong>tenere aperto il portellone posteriore in modo affidabile<\/strong>, se, ad esempio, un\u00a0<strong>Portabiciclette, portapacchi posteriore o altri accessori sul portellone posteriore<\/strong>\u00a0\u00e8 montato.<\/p>\n<p>La forza di estensione degli ammortizzatori del portellone posteriore \u00e8 di 1180 N; ci\u00f2 corrisponde a una forza di tenuta di circa 21 kg sulla maniglia di chiusura (nota: questo valore pu\u00f2 variare con versioni diverse o temperature diverse). Grazie ai rapporti di leva, il portellone posteriore viene tenuto aperto anche da carichi molto pi\u00f9 pesanti, a condizione che il loro centro di gravit\u00e0 sia \u201epi\u00f9 alto\u201c della maniglia di chiusura. \u00c8 il caso della maggior parte dei portabiciclette o dei portapacchi (vedi foto di esempio).<\/p>\n<p>Quando il portellone \u00e8 scarico, le forze di chiusura aumentano.<\/p>\n<p>L'installazione pu\u00f2 essere completata in pochi minuti, anche da non professionisti. Gli ammortizzatori vengono semplicemente sostituiti con quelli originali. L'unico strumento necessario \u00e8 un cacciavite a lama piatta.<\/p>\n<p>Il video di installazione \u00e8 disponibile qui:<\/p>\n<p><iframe hcb-fetch-image-from=\"https:\/\/youtu.be\/WC47f7qNW1Q\" title=\"Installazione degli ammortizzatori rinforzati del portellone posteriore \/ montanti a gas sul VW Caddy Camper, ad esempio per i portabiciclette\" width=\"800\" height=\"450\" src=\"https:\/\/www.youtube.com\/embed\/WC47f7qNW1Q?feature=oembed\" frameborder=\"0\" allow=\"accelerometer; autoplay; clipboard-write; encrypted-media; gyroscope; picture-in-picture; web-share\" referrerpolicy=\"strict-origin-when-cross-origin\" allowfullscreen><\/iframe><\/p>\n<p>Le serrande sono prodotte espressamente per noi secondo le specifiche. Produttore: STABILUS, made in Germany.<\/p>\n<p>Prezzo per set (= 2 pezzi), significa che per un veicolo \u00e8 richiesta la quantit\u00e0 d'ordine \u201e1\u201c.<\/p>","protected":false},"excerpt":{"rendered":"<p><strong><span style=\"color: #dca54a;\">\u2714<\/span><\/strong> Mantiene il portellone posteriore aperto in modo affidabile<strong><br \/>\n<span style=\"color: #dca54a;\">\u2714 <\/span><\/strong>Installazione semplice in pochi minuti<strong><br \/>\n<span style=\"color: #dca54a;\">\u2714<\/span><\/strong> Prodotto in Germania<strong><br \/>\n<span style=\"color: #dca54a;\">\u2714 <\/span><\/strong>Perfettamente adatto per VW Caddy (2003-2020)<\/p>","protected":false},"featured_media":9546,"template":"","meta":{"_acf_changed":false,"iawp_total_views":2905},"product_brand":[],"product_cat":[57,55],"product_tag":[],"class_list":{"0":"post-6680","1":"product","2":"type-product","3":"status-publish","4":"has-post-thumbnail","6":"product_cat-hochdachkombi","7":"product_cat-zubehoer","8":"product_shipping_class-paketversand","10":"first","11":"instock","12":"sale","13":"taxable","14":"shipping-taxable","15":"purchasable","16":"product-type-simple"},"acf":[],"_links":{"self":[{"href":"https:\/\/vanfittery.de\/it\/wp-json\/wp\/v2\/product\/6680","targetHints":{"allow":["GET"]}}],"collection":[{"href":"https:\/\/vanfittery.de\/it\/wp-json\/wp\/v2\/product"}],"about":[{"href":"https:\/\/vanfittery.de\/it\/wp-json\/wp\/v2\/types\/product"}],"version-history":[{"count":3,"href":"https:\/\/vanfittery.de\/it\/wp-json\/wp\/v2\/product\/6680\/revisions"}],"predecessor-version":[{"id":14012,"href":"https:\/\/vanfittery.de\/it\/wp-json\/wp\/v2\/product\/6680\/revisions\/14012"}],"wp:featuredmedia":[{"embeddable":true,"href":"https:\/\/vanfittery.de\/it\/wp-json\/wp\/v2\/media\/9546"}],"wp:attachment":[{"href":"https:\/\/vanfittery.de\/it\/wp-json\/wp\/v2\/media?parent=6680"}],"wp:term":[{"taxonomy":"product_brand","embeddable":true,"href":"https:\/\/vanfittery.de\/it\/wp-json\/wp\/v2\/product_brand?post=6680"},{"taxonomy":"product_cat","embeddable":true,"href":"https:\/\/vanfittery.de\/it\/wp-json\/wp\/v2\/product_cat?post=6680"},{"taxonomy":"product_tag","embeddable":true,"href":"https:\/\/vanfittery.de\/it\/wp-json\/wp\/v2\/product_tag?post=6680"}],"curies":[{"name":"wp","href":"https:\/\/api.w.org\/{rel}","templated":true}]}}