{"id":9547,"date":"2025-07-09T13:18:48","date_gmt":"2025-07-09T11:18:48","guid":{"rendered":"https:\/\/vanfittery.de\/?post_type=product&#038;p=9547"},"modified":"2026-03-17T11:20:38","modified_gmt":"2026-03-17T10:20:38","slug":"piastra-base-vw-id-buzz-gtx-lwb","status":"publish","type":"product","link":"https:\/\/vanfittery.de\/it\/produkt\/bodenplatte-vw-id-buzz-gtx-lwb\/","title":{"rendered":"Pannello pavimento VW ID Buzz GTX LWB"},"content":{"rendered":"<p>Il VW ID Buzz sta diventando sempre pi\u00f9 popolare come camper.<\/p>\n<p>Il veicolo, allo stato originale, non ha un piano di carico livellato. Gli ancoraggi dei sedili e il gradino nel pavimento verso l'abitacolo rendono quasi impossibile l'installazione di un CampingBox.<\/p>\n<p>Il nostro piano di carico livella qualsiasi irregolarit\u00e0 e arriva fino ai sedili posteriori. Il dislivello del pavimento \u00e8 livellato da ampie superfici di appoggio. Se necessario, il pannello del pavimento pu\u00f2 essere fissato contro lo scivolamento utilizzando due viti sulla filettatura del Multiflexboard.<\/p>\n<p>Grazie allo spessore del materiale di 12 mm e alla base in multistrato di betulla, la tavola \u00e8 molto stabile.<\/p>\n<p>La versione rivestita di nero da 12 mm ha una superficie liscia e pu\u00f2 essere ricoperta con un tappetino antiscivolo, se necessario; la versione serigrafata da 12 mm \u00e8 di colore rosso-marrone e ha una superficie antiscivolo, come quella utilizzata, ad esempio, sui rimorchi.<\/p>\n<p>Soprattutto per l'ID Buzz (GTX) LWB in versione auto - non adatto al Cargo!<\/p>","protected":false},"excerpt":{"rendered":"<p><span style=\"color: #dca54a;\"><strong>\u2714<\/strong> <\/span> Crea una superficie di carico piana<br \/>\n<span style=\"color: #dca54a;\"><strong>\u2714<\/strong> <\/span> Protegge il pavimento originale del bagagliaio<br \/>\n<span style=\"color: #dca54a;\"><strong>\u2714<\/strong> <\/span> Viene fissato alla filettatura originale con 2 viti<br \/>\n<span style=\"color: #dca54a;\"><strong>\u2714<\/strong> <\/span> Ad esempio, per l'utilizzo di CampingBox<\/p>","protected":false},"featured_media":9552,"template":"","meta":{"_acf_changed":false,"iawp_total_views":871},"product_brand":[],"product_cat":[58,55],"product_tag":[],"class_list":{"0":"post-9547","1":"product","2":"type-product","3":"status-publish","4":"has-post-thumbnail","6":"product_cat-kleintransporter","7":"product_cat-zubehoer","8":"product_shipping_class-spedition-l","10":"first","11":"instock","12":"taxable","13":"shipping-taxable","14":"purchasable","15":"product-type-variable"},"acf":[],"_links":{"self":[{"href":"https:\/\/vanfittery.de\/it\/wp-json\/wp\/v2\/product\/9547","targetHints":{"allow":["GET"]}}],"collection":[{"href":"https:\/\/vanfittery.de\/it\/wp-json\/wp\/v2\/product"}],"about":[{"href":"https:\/\/vanfittery.de\/it\/wp-json\/wp\/v2\/types\/product"}],"version-history":[{"count":1,"href":"https:\/\/vanfittery.de\/it\/wp-json\/wp\/v2\/product\/9547\/revisions"}],"predecessor-version":[{"id":13861,"href":"https:\/\/vanfittery.de\/it\/wp-json\/wp\/v2\/product\/9547\/revisions\/13861"}],"wp:featuredmedia":[{"embeddable":true,"href":"https:\/\/vanfittery.de\/it\/wp-json\/wp\/v2\/media\/9552"}],"wp:attachment":[{"href":"https:\/\/vanfittery.de\/it\/wp-json\/wp\/v2\/media?parent=9547"}],"wp:term":[{"taxonomy":"product_brand","embeddable":true,"href":"https:\/\/vanfittery.de\/it\/wp-json\/wp\/v2\/product_brand?post=9547"},{"taxonomy":"product_cat","embeddable":true,"href":"https:\/\/vanfittery.de\/it\/wp-json\/wp\/v2\/product_cat?post=9547"},{"taxonomy":"product_tag","embeddable":true,"href":"https:\/\/vanfittery.de\/it\/wp-json\/wp\/v2\/product_tag?post=9547"}],"curies":[{"name":"wp","href":"https:\/\/api.w.org\/{rel}","templated":true}]}}