{"id":1528,"date":"2025-01-06T15:39:07","date_gmt":"2025-01-06T14:39:07","guid":{"rendered":"https:\/\/vanfittery.de\/zahlungsweisen\/"},"modified":"2026-02-17T19:56:53","modified_gmt":"2026-02-17T18:56:53","slug":"betalingsmethoden","status":"publish","type":"page","link":"https:\/\/vanfittery.de\/nl\/zahlungsweisen\/","title":{"rendered":"Betaalmethoden"},"content":{"rendered":"<h1 class=\"wp-block-heading\">Betaalmethoden<\/h1>\n\n\n\n<p><strong>Betaalmethoden<\/strong><\/p>\n\n\n\n<p>We bieden de volgende betaalmethoden. Kies de betaalmethode die het beste bij je past. De verzendkosten zijn deels afhankelijk van de gekozen betaalmethode. De prijzen in de respectieve aanbiedingen zijn definitieve prijzen. Ze omvatten alle prijscomponenten, inclusief eventuele toepasselijke belastingen zoals btw. Alleen in het geval van grensoverschrijdende leveringen kunnen verdere belastingen (bijv. in het geval van een intracommunautaire aankoop) en\/of heffingen (bijv. douanerechten) in individuele gevallen door u verschuldigd zijn, echter niet aan de verkoper, maar aan de daar verantwoordelijke douane- of belastingautoriteiten. De opgelopen leverings- en verzendkosten zijn niet inbegrepen in de aankoopprijs; deze kunnen worden opgevraagd via de pagina \u201eVerzendkosten\u201c, worden apart weergegeven tijdens het bestelproces en zijn extra voor uw rekening.<\/p>\n\n\n\n<!--<p><em>Nachnahme<\/em><br>Bitte halten Sie den Rechnungsbetrag bereit; der Zusteller kassiert bei Lieferung in bar (keine Schecks). Bei Nachnahme fallen zus\u00e4tzlich 6,50 EUR Nachnahmegeb\u00fchren an, die direkt an den Paketzusteller zu entrichten sind.<\/p>-->\n\n\n\n<!--<p><em>Lastschrift<\/em><br>Wir ziehen den Rechnungsbetrag Ihrer Bestellung von Ihrem hinterlegten Bankkonto nach der get\u00e4tigten Bestellung ein.<\/p>-->\n\n\n\n<!--<p><em>Auf Rechnung<\/em><br>Einfach bestellen und erst im Anschluss bezahlen.<\/p>-->\n\n\n\n<!--<p><em>Kreditkarte<\/em><br>Zahlen Sie ganz einfach per Kreditkarte.<\/p>-->\n\n\n\n<p><em><strong>PayPal<\/strong><\/em><\/p>\n\n\n\n<p>Betaal nog sneller en veiliger met je PayPal-rekening.<\/p>\n\n\n\n<p><em><strong>Creditcard (kaart)<\/strong><\/em><\/p>\n\n\n\n<p>Betaal gemakkelijk met een creditcard. Wij accepteren Visa, Mastercard, American Express en Discover. Je creditcardrekening wordt gedebiteerd wanneer je je bestelling afrondt.<\/p>\n\n\n\n<p><em><strong>Apple Pay &amp; Google Pay<\/strong><\/em><\/p>\n\n\n\n<p>Betaal bijzonder snel direct via je smartphone of gekoppelde account met Apple Pay of Google Pay.<\/p>\n\n\n\n<p><em><strong>Klarna<\/strong><\/em><\/p>\n\n\n\n<p>Gebruik de flexibele betalingsopties van Klarna voor je aankoop.<\/p>\n\n\n\n<p><em><strong>Vertrouwd<\/strong><\/em><\/p>\n\n\n\n<p>Betaal veilig en direct via je online bankieren zonder de website te verlaten.<\/p>\n\n\n\n<p><em><strong>Vooruitbetaling<\/strong><\/em><\/p>\n\n\n\n<p>Maak het totaalbedrag van je bestelling over op onze rekening:<\/p>\n\n\n\n<p>Accounthouder: CzoppikEngineering GmbH<br>IBAN: DE12 7436 2663 0005 2349 21<\/p>\n\n\n\n<!--<p><em>Barzahlung<\/em><br>Bestellen Sie online und holen Sie Ihre Bestellung bei uns im Laden einfach ab:<br>Demoshop, Demostra\u00dfe 13<br>12345 Musterstadt, Deutschland<br>Mo \u2013 Fr 8:30 \u2013 13:00, 14:30 \u2013 18:00<br>Sa 9:00 \u2013 13:00<\/p>-->","protected":false},"excerpt":{"rendered":"<p>Zahlungsweisen Zahlungsarten Wir bieten Ihnen folgende Zahlungsarten an. Suchen Sie sich einfach die f\u00fcr Sie optimale Zahlart aus. Die Versandkosten sind teilweise abh\u00e4ngig von der gew\u00e4hlten Zahlungsart. Die in den jeweiligen Angeboten angef\u00fchrten Preise stellen Endpreise dar. Sie beinhalten alle Preisbestandteile, einschlie\u00dflich etwaig anfallender Steuern wie Mehrwertsteuer. Nur bei grenz\u00fcberschreitender Lieferung k\u00f6nnen im Einzelfall weitere [&hellip;]<\/p>\n","protected":false},"author":5,"featured_media":0,"parent":0,"menu_order":0,"comment_status":"closed","ping_status":"closed","template":"","meta":{"_acf_changed":false,"iawp_total_views":182,"footnotes":""},"class_list":["post-1528","page","type-page","status-publish","hentry"],"acf":[],"_links":{"self":[{"href":"https:\/\/vanfittery.de\/nl\/wp-json\/wp\/v2\/pages\/1528","targetHints":{"allow":["GET"]}}],"collection":[{"href":"https:\/\/vanfittery.de\/nl\/wp-json\/wp\/v2\/pages"}],"about":[{"href":"https:\/\/vanfittery.de\/nl\/wp-json\/wp\/v2\/types\/page"}],"author":[{"embeddable":true,"href":"https:\/\/vanfittery.de\/nl\/wp-json\/wp\/v2\/users\/5"}],"replies":[{"embeddable":true,"href":"https:\/\/vanfittery.de\/nl\/wp-json\/wp\/v2\/comments?post=1528"}],"version-history":[{"count":0,"href":"https:\/\/vanfittery.de\/nl\/wp-json\/wp\/v2\/pages\/1528\/revisions"}],"wp:attachment":[{"href":"https:\/\/vanfittery.de\/nl\/wp-json\/wp\/v2\/media?parent=1528"}],"curies":[{"name":"wp","href":"https:\/\/api.w.org\/{rel}","templated":true}]}}