{"id":11557,"date":"2025-10-02T13:53:08","date_gmt":"2025-10-02T11:53:08","guid":{"rendered":"https:\/\/vanfittery.de\/?page_id=11557"},"modified":"2026-02-04T16:51:42","modified_gmt":"2026-02-04T15:51:42","slug":"koncepcje-przestrzenne","status":"publish","type":"page","link":"https:\/\/vanfittery.de\/pl\/raumkonzepte\/","title":{"rendered":"Koncepcje pomieszcze\u0144"},"content":{"rendered":"<div data-elementor-type=\"wp-page\" data-elementor-id=\"11557\" class=\"elementor elementor-11557\" data-elementor-post-type=\"page\">\n\t\t\t\t<div class=\"elementor-element elementor-element-8e79f7d gp e-flex e-con-boxed e-con e-parent\" data-id=\"8e79f7d\" data-element_type=\"container\" data-e-type=\"container\" data-settings=\"{&quot;background_background&quot;:&quot;classic&quot;}\">\n\t\t\t\t\t<div class=\"e-con-inner\">\n\t\t\t\t<div class=\"elementor-element elementor-element-3dab2d9 elementor-widget elementor-widget-heading\" data-id=\"3dab2d9\" data-element_type=\"widget\" data-e-type=\"widget\" data-widget_type=\"heading.default\">\n\t\t\t\t<div class=\"elementor-widget-container\">\n\t\t\t\t\t<h1 class=\"elementor-heading-title elementor-size-default\">Koncepcje pomieszcze\u0144 w zale\u017cno\u015bci od typu pojazdu<\/h1>\t\t\t\t<\/div>\n\t\t\t\t<\/div>\n\t\t\t\t\t<\/div>\n\t\t\t\t<\/div>\n\t\t<div class=\"elementor-element elementor-element-f3db645 e-flex e-con-boxed e-con e-parent\" data-id=\"f3db645\" data-element_type=\"container\" data-e-type=\"container\" data-settings=\"{&quot;background_background&quot;:&quot;classic&quot;}\">\n\t\t\t\t\t<div class=\"e-con-inner\">\n\t\t\t\t<div class=\"elementor-element elementor-element-d4bb740 elementor-widget elementor-widget-text-editor\" data-id=\"d4bb740\" data-element_type=\"widget\" data-e-type=\"widget\" data-widget_type=\"text-editor.default\">\n\t\t\t\t<div class=\"elementor-widget-container\">\n\t\t\t\t\t\t\t\t\t<p><strong>Wybierz typ pojazdu, aby wy\u015bwietli\u0107 odpowiednie koncepcje pomieszcze\u0144.<\/strong><\/p>\t\t\t\t\t\t\t\t<\/div>\n\t\t\t\t<\/div>\n\t\t<div class=\"elementor-element elementor-element-400d38c e-grid e-con-full sektion-fzt e-con e-child\" data-id=\"400d38c\" data-element_type=\"container\" data-e-type=\"container\">\n\t\t\t\t<div class=\"elementor-element elementor-element-fe0f153 box-fzt no-shadow elementor-position-top elementor-widget elementor-widget-image-box\" data-id=\"fe0f153\" data-element_type=\"widget\" data-e-type=\"widget\" data-widget_type=\"image-box.default\">\n\t\t\t\t<div class=\"elementor-widget-container\">\n\t\t\t\t\t<div class=\"elementor-image-box-wrapper\"><figure class=\"elementor-image-box-img\"><a href=\"https:\/\/vanfittery.de\/pl\/raumkonzepte\/hochdachkombis-kr\/\" tabindex=\"-1\"><img fetchpriority=\"high\" decoding=\"async\" width=\"384\" height=\"160\" src=\"https:\/\/vanfittery.de\/wp-content\/uploads\/2024\/12\/Hochdachkombi-KR-Grafik.png\" class=\"attachment-full size-full wp-image-1062\" alt=\"Kombi z wysokim dachem i kr\u00f3tkim rozstawem osi\" srcset=\"https:\/\/vanfittery.de\/wp-content\/uploads\/2024\/12\/Hochdachkombi-KR-Grafik.png 384w, https:\/\/vanfittery.de\/wp-content\/uploads\/2024\/12\/Hochdachkombi-KR-Grafik-300x125.png 300w\" sizes=\"(max-width: 384px) 100vw, 384px\" \/><\/a><\/figure><div class=\"elementor-image-box-content\"><p class=\"elementor-image-box-title\"><a href=\"https:\/\/vanfittery.de\/pl\/raumkonzepte\/hochdachkombis-kr\/\">Kombi z wysokim dachem (KR)<\/a><\/p><p class=\"elementor-image-box-description\">Kr\u00f3tki rozstaw osi (np. VW Caddy)<\/p><\/div><\/div>\t\t\t\t<\/div>\n\t\t\t\t<\/div>\n\t\t\t\t<div class=\"elementor-element elementor-element-7ddc018 box-fzt no-shadow elementor-position-top elementor-widget elementor-widget-image-box\" data-id=\"7ddc018\" data-element_type=\"widget\" data-e-type=\"widget\" data-widget_type=\"image-box.default\">\n\t\t\t\t<div class=\"elementor-widget-container\">\n\t\t\t\t\t<div class=\"elementor-image-box-wrapper\"><figure class=\"elementor-image-box-img\"><a href=\"https:\/\/vanfittery.de\/pl\/raumkonzepte\/hochdachkombis-lr\/\" hochdachkombis-lr=\"test\" tabindex=\"-1\"><img decoding=\"async\" width=\"384\" height=\"160\" src=\"https:\/\/vanfittery.de\/wp-content\/uploads\/2024\/12\/Hochdachkombi-LR-Grafik.png\" class=\"attachment-full size-full wp-image-1063\" alt=\"Kombi z wysokim dachem i d\u0142ugim rozstawem osi\" srcset=\"https:\/\/vanfittery.de\/wp-content\/uploads\/2024\/12\/Hochdachkombi-LR-Grafik.png 384w, https:\/\/vanfittery.de\/wp-content\/uploads\/2024\/12\/Hochdachkombi-LR-Grafik-300x125.png 300w\" sizes=\"(max-width: 384px) 100vw, 384px\" \/><\/a><\/figure><div class=\"elementor-image-box-content\"><p class=\"elementor-image-box-title\"><a href=\"https:\/\/vanfittery.de\/pl\/raumkonzepte\/hochdachkombis-lr\/\" hochdachkombis-lr=\"test\">Kombi z wysokim dachem (LR)<\/a><\/p><p class=\"elementor-image-box-description\">D\u0142ugi rozstaw osi (np. VW Caddy Maxi)<\/p><\/div><\/div>\t\t\t\t<\/div>\n\t\t\t\t<\/div>\n\t\t\t\t<div class=\"elementor-element elementor-element-0270130 box-fzt no-shadow elementor-position-top elementor-widget elementor-widget-image-box\" data-id=\"0270130\" data-element_type=\"widget\" data-e-type=\"widget\" data-widget_type=\"image-box.default\">\n\t\t\t\t<div class=\"elementor-widget-container\">\n\t\t\t\t\t<div class=\"elementor-image-box-wrapper\"><figure class=\"elementor-image-box-img\"><a href=\"https:\/\/vanfittery.de\/pl\/raumkonzepte\/kleintransporter\/\" tabindex=\"-1\"><img decoding=\"async\" width=\"384\" height=\"160\" src=\"https:\/\/vanfittery.de\/wp-content\/uploads\/2024\/12\/Kleintransporter-Grafik.png\" class=\"attachment-full size-full wp-image-1064\" alt=\"Vans\" srcset=\"https:\/\/vanfittery.de\/wp-content\/uploads\/2024\/12\/Kleintransporter-Grafik.png 384w, https:\/\/vanfittery.de\/wp-content\/uploads\/2024\/12\/Kleintransporter-Grafik-300x125.png 300w\" sizes=\"(max-width: 384px) 100vw, 384px\" \/><\/a><\/figure><div class=\"elementor-image-box-content\"><p class=\"elementor-image-box-title\"><a href=\"https:\/\/vanfittery.de\/pl\/raumkonzepte\/kleintransporter\/\">Vans<\/a><\/p><p class=\"elementor-image-box-description\">(np. Ford Tourneo)<\/p><\/div><\/div>\t\t\t\t<\/div>\n\t\t\t\t<\/div>\n\t\t\t\t<div class=\"elementor-element elementor-element-290b4ea box-fzt no-shadow elementor-position-top elementor-widget elementor-widget-image-box\" data-id=\"290b4ea\" data-element_type=\"widget\" data-e-type=\"widget\" data-widget_type=\"image-box.default\">\n\t\t\t\t<div class=\"elementor-widget-container\">\n\t\t\t\t\t<div class=\"elementor-image-box-wrapper\"><figure class=\"elementor-image-box-img\"><a href=\"https:\/\/vanfittery.de\/pl\/raumkonzepte\/grossraumtransporter\/\" tabindex=\"-1\"><img loading=\"lazy\" decoding=\"async\" width=\"384\" height=\"160\" src=\"https:\/\/vanfittery.de\/wp-content\/uploads\/2024\/12\/Grossraumtransporter-Grafik.png\" class=\"attachment-full size-full wp-image-1061\" alt=\"Transporter o du\u017cej pojemno\u015bci\" srcset=\"https:\/\/vanfittery.de\/wp-content\/uploads\/2024\/12\/Grossraumtransporter-Grafik.png 384w, https:\/\/vanfittery.de\/wp-content\/uploads\/2024\/12\/Grossraumtransporter-Grafik-300x125.png 300w\" sizes=\"(max-width: 384px) 100vw, 384px\" \/><\/a><\/figure><div class=\"elementor-image-box-content\"><p class=\"elementor-image-box-title\"><a href=\"https:\/\/vanfittery.de\/pl\/raumkonzepte\/grossraumtransporter\/\">Transporter o du\u017cej pojemno\u015bci<\/a><\/p><p class=\"elementor-image-box-description\">(np. MAN TGE)<\/p><\/div><\/div>\t\t\t\t<\/div>\n\t\t\t\t<\/div>\n\t\t\t\t<\/div>\n\t\t\t\t<div class=\"elementor-element elementor-element-0622946 elementor-widget elementor-widget-text-editor\" data-id=\"0622946\" data-element_type=\"widget\" data-e-type=\"widget\" data-widget_type=\"text-editor.default\">\n\t\t\t\t<div class=\"elementor-widget-container\">\n\t\t\t\t\t\t\t\t\t<p>Nie masz pewno\u015bci, kt\u00f3ry typ pojazdu jest dla Ciebie odpowiedni? Tutaj mo\u017cesz znale\u017a\u0107 nasze <a href=\"\/pl\/przeglad-typow-pojazdow\/\" target=\"_blank\" rel=\"noopener\">Przegl\u0105d pojazdu<\/a>.<\/p>\t\t\t\t\t\t\t\t<\/div>\n\t\t\t\t<\/div>\n\t\t\t\t\t<\/div>\n\t\t\t\t<\/div>\n\t\t<div class=\"elementor-element elementor-element-f2cf09a sgp e-flex e-con-boxed e-con e-parent\" data-id=\"f2cf09a\" data-element_type=\"container\" data-e-type=\"container\">\n\t\t\t\t\t<div class=\"e-con-inner\">\n\t\t<div class=\"elementor-element elementor-element-28fe932 e-con-full sw e-flex e-con e-child\" data-id=\"28fe932\" data-element_type=\"container\" data-e-type=\"container\">\n\t\t\t\t<div class=\"elementor-element elementor-element-654aff7 elementor-widget elementor-widget-heading\" data-id=\"654aff7\" data-element_type=\"widget\" data-e-type=\"widget\" data-widget_type=\"heading.default\">\n\t\t\t\t<div class=\"elementor-widget-container\">\n\t\t\t\t\t<h2 class=\"elementor-heading-title elementor-size-default\">Nasza koncepcja: nowe podej\u015bcie do konwersji kamper\u00f3w\n<\/h2>\t\t\t\t<\/div>\n\t\t\t\t<\/div>\n\t\t\t\t<div class=\"elementor-element elementor-element-da3b792 elementor-widget elementor-widget-text-editor\" data-id=\"da3b792\" data-element_type=\"widget\" data-e-type=\"widget\" data-widget_type=\"text-editor.default\">\n\t\t\t\t<div class=\"elementor-widget-container\">\n\t\t\t\t\t\t\t\t\t<p>Konwencjonalne konwersje kamper\u00f3w s\u0105 cz\u0119sto drogie, ci\u0119\u017ckie i trwa\u0142e. Koncepcja VANFITTERY oferuje elastyczn\u0105 alternatyw\u0119: nasze modu\u0142owe rozwi\u0105zania kempingowe pasuj\u0105 do r\u00f3\u017cnych typ\u00f3w pojazd\u00f3w. Dost\u0119pne s\u0105 na przyk\u0142ad modu\u0142y do samochod\u00f3w dostawczych z wysokim dachem - VW Caddy lub Fiat Doblo. Zamiast sta\u0142ego przed\u0142u\u017cenia otrzymujesz prefabrykowane modu\u0142y, kt\u00f3re s\u0105 wyposa\u017cone w niestandardowe dopasowanie. <strong data-start=\"514\" data-end=\"525\">Dopasowanie<\/strong> s\u0105 dok\u0142adnie dopasowane do Twojego pojazdu.<\/p>\t\t\t\t\t\t\t\t<\/div>\n\t\t\t\t<\/div>\n\t\t\t\t<div class=\"elementor-element elementor-element-9e15ba4 elementor-widget elementor-widget-text-editor\" data-id=\"9e15ba4\" data-element_type=\"widget\" data-e-type=\"widget\" data-widget_type=\"text-editor.default\">\n\t\t\t\t<div class=\"elementor-widget-container\">\n\t\t\t\t\t\t\t\t\t<p data-start=\"572\" data-end=\"985\">Podobnie jak w IKEA, mo\u017cna elastycznie \u0142\u0105czy\u0107 modu\u0142y sypialne, kuchenne i do przechowywania. Najwa\u017cniejsze: modu\u0142y s\u0105 po prostu mocowane za pomoc\u0105 pask\u00f3w napinaj\u0105cych. <strong data-start=\"741\" data-end=\"772\">Bez \u015brub, bez wiercenia<\/strong>. Pozwala to na przekszta\u0142cenie pojazdu w kampera w zaledwie kilka minut i r\u00f3wnie szybkie przekszta\u0142cenie go z powrotem. Idealne rozwi\u0105zanie dla ka\u017cdego, kto na co dzie\u0144 korzysta ze swojego vana, a w weekend chce wyruszy\u0107 na przygod\u0119.<\/p><p data-start=\"987\" data-end=\"1220\">Dzi\u0119ki konsekwentnie lekkiej konstrukcji pojazd pozostaje wydajny i zwrotny. Mo\u017cesz skonfigurowa\u0107 swoje modu\u0142y indywidualnie w naszym sklepie i zrealizowa\u0107 sw\u00f3j projekt DIY wraz z naszymi akcesoriami - dla maksymalnej swobody w konwersji kampera.<\/p>\t\t\t\t\t\t\t\t<\/div>\n\t\t\t\t<\/div>\n\t\t\t\t<div class=\"elementor-element elementor-element-fe0a517 elementor--v-position-bottom smt elementor--h-position-center elementor-arrows-position-inside elementor-pagination-position-inside elementor-widget elementor-widget-slides\" data-id=\"fe0a517\" data-element_type=\"widget\" data-e-type=\"widget\" data-settings=\"{&quot;navigation&quot;:&quot;both&quot;,&quot;infinite&quot;:&quot;yes&quot;,&quot;transition&quot;:&quot;slide&quot;,&quot;transition_speed&quot;:500}\" data-widget_type=\"slides.default\">\n\t\t\t\t<div class=\"elementor-widget-container\">\n\t\t\t\t\t\t\t\t\t<div class=\"elementor-swiper\">\n\t\t\t\t\t<div class=\"elementor-slides-wrapper elementor-main-swiper swiper\" role=\"region\" aria-roledescription=\"carousel\" aria-label=\"Suwak\" dir=\"ltr\" data-animation=\"fadeInDown\">\n\t\t\t\t<div class=\"swiper-wrapper elementor-slides\">\n\t\t\t\t\t\t\t\t\t\t<div class=\"elementor-repeater-item-1a7e671 swiper-slide\" role=\"group\" aria-roledescription=\"slide\"><div class=\"swiper-slide-bg\" role=\"img\" aria-label=\"U\u015bmiechni\u0119ta osoba siedzi przy otwartych drzwiach kampera i cieszy si\u0119 natur\u0105.\"><\/div><div class=\"elementor-background-overlay\"><\/div><div class=\"swiper-slide-inner\" ><div class=\"swiper-slide-contents\"><\/div><\/div><\/div><div class=\"elementor-repeater-item-6abc6b4 swiper-slide\" role=\"group\" aria-roledescription=\"slide\"><div class=\"swiper-slide-bg\" role=\"img\" aria-label=\"Wn\u0119trze pojazdu kempingowego z systemem spania i schowkiem na meble kempingowe, a tak\u017ce rower w poje\u017adzie.\"><\/div><div class=\"elementor-background-overlay\"><\/div><div class=\"swiper-slide-inner\" ><div class=\"swiper-slide-contents\"><\/div><\/div><\/div><div class=\"elementor-repeater-item-03b3d13 swiper-slide\" role=\"group\" aria-roledescription=\"slide\"><div class=\"swiper-slide-bg\" role=\"img\" aria-label=\"Nowoczesna kuchnia kempingowa we wn\u0119trzu furgonetki z drewnianym blatem, miejscem do przechowywania i widokiem na jezioro w tle.\"><\/div><div class=\"elementor-background-overlay\"><\/div><div class=\"swiper-slide-inner\" ><div class=\"swiper-slide-contents\"><\/div><\/div><\/div><div class=\"elementor-repeater-item-47e44b0 swiper-slide\" role=\"group\" aria-roledescription=\"slide\"><div class=\"swiper-slide-bg\" role=\"img\" aria-label=\"Pojazd kempingowy z rozk\u0142adanym modu\u0142em kuchennym i systemem spania we wn\u0119trzu, idealny do przyg\u00f3d na \u015bwie\u017cym powietrzu.\"><\/div><div class=\"elementor-background-overlay\"><\/div><div class=\"swiper-slide-inner\" ><div class=\"swiper-slide-contents\"><\/div><\/div><\/div>\t\t\t\t<\/div>\n\t\t\t\t\t\t\t\t\t\t\t\t\t\t\t<div class=\"elementor-swiper-button elementor-swiper-button-prev\" role=\"button\" tabindex=\"0\" aria-label=\"Poprzedni slajd\">\n\t\t\t\t\t\t\t<svg aria-hidden=\"true\" class=\"e-font-icon-svg e-eicon-chevron-left\" viewbox=\"0 0 1000 1000\" xmlns=\"http:\/\/www.w3.org\/2000\/svg\"><path d=\"M646 125C629 125 613 133 604 142L308 442C296 454 292 471 292 487 292 504 296 521 308 533L604 854C617 867 629 875 646 875 663 875 679 871 692 858 704 846 713 829 713 812 713 796 708 779 692 767L438 487 692 225C700 217 708 204 708 187 708 171 704 154 692 142 675 129 663 125 646 125Z\"><\/path><\/svg>\t\t\t\t\t\t<\/div>\n\t\t\t\t\t\t<div class=\"elementor-swiper-button elementor-swiper-button-next\" role=\"button\" tabindex=\"0\" aria-label=\"Nast\u0119pny slajd\">\n\t\t\t\t\t\t\t<svg aria-hidden=\"true\" class=\"e-font-icon-svg e-eicon-chevron-right\" viewbox=\"0 0 1000 1000\" xmlns=\"http:\/\/www.w3.org\/2000\/svg\"><path d=\"M696 533C708 521 713 504 713 487 713 471 708 454 696 446L400 146C388 133 375 125 354 125 338 125 325 129 313 142 300 154 292 171 292 187 292 204 296 221 308 233L563 492 304 771C292 783 288 800 288 817 288 833 296 850 308 863 321 871 338 875 354 875 371 875 388 867 400 854L696 533Z\"><\/path><\/svg>\t\t\t\t\t\t<\/div>\n\t\t\t\t\t\t\t\t\t\t\t\t\t\t\t\t<div class=\"swiper-pagination\"><\/div>\n\t\t\t\t\t\t\t\t\t\t\t\t<\/div>\n\t\t\t\t<\/div>\n\t\t\t\t\t\t\t\t<\/div>\n\t\t\t\t<\/div>\n\t\t\t\t<\/div>\n\t\t\t\t\t<\/div>\n\t\t\t\t<\/div>\n\t\t\t\t<\/div>","protected":false},"excerpt":{"rendered":"<p>Raumkonzepte nach Fahrzeugtyp W\u00e4hle hier deinen Fahrzeugtyp aus, um passende Raumkonzepte\u200b anzuzeigen. Hochdachkombi (KR) Kurzer Radstand (z.\u00a0B. VW Caddy) Hochdachkombi (LR) Langer Radstand (z.\u00a0B. VW Caddy Maxi) Kleintransporter (z.\u00a0B. Ford Tourneo) Gro\u00dfraum&shy;transporter (z. B. MAN TGE) Nicht sicher, welcher Fahrzeugtyp der richtige ist? Hier findest du unsere Fahrzeug-\u00dcbersicht. Unser Konzept: Camperausbau neu gedacht Herk\u00f6mmliche Camperausbauten [&hellip;]<\/p>\n","protected":false},"author":5,"featured_media":0,"parent":0,"menu_order":0,"comment_status":"closed","ping_status":"closed","template":"","meta":{"_acf_changed":false,"iawp_total_views":5746,"footnotes":""},"class_list":["post-11557","page","type-page","status-publish","hentry"],"acf":[],"_links":{"self":[{"href":"https:\/\/vanfittery.de\/pl\/wp-json\/wp\/v2\/pages\/11557","targetHints":{"allow":["GET"]}}],"collection":[{"href":"https:\/\/vanfittery.de\/pl\/wp-json\/wp\/v2\/pages"}],"about":[{"href":"https:\/\/vanfittery.de\/pl\/wp-json\/wp\/v2\/types\/page"}],"author":[{"embeddable":true,"href":"https:\/\/vanfittery.de\/pl\/wp-json\/wp\/v2\/users\/5"}],"replies":[{"embeddable":true,"href":"https:\/\/vanfittery.de\/pl\/wp-json\/wp\/v2\/comments?post=11557"}],"version-history":[{"count":0,"href":"https:\/\/vanfittery.de\/pl\/wp-json\/wp\/v2\/pages\/11557\/revisions"}],"wp:attachment":[{"href":"https:\/\/vanfittery.de\/pl\/wp-json\/wp\/v2\/media?parent=11557"}],"curies":[{"name":"wp","href":"https:\/\/api.w.org\/{rel}","templated":true}]}}