{"id":1524,"date":"2025-01-06T15:39:07","date_gmt":"2025-01-06T14:39:07","guid":{"rendered":"https:\/\/vanfittery.de\/versand__lieferung\/"},"modified":"2026-05-11T13:37:25","modified_gmt":"2026-05-11T11:37:25","slug":"shipping__delivery","status":"publish","type":"page","link":"https:\/\/vanfittery.de\/pl\/versand__lieferung\/","title":{"rendered":"Wysy\u0142ka i dostawa"},"content":{"rendered":"\n<h1 class=\"wp-block-heading\">Versand &amp; Lieferung<\/h1>\n\n\n\n<p><strong>Ein offenes Wort zu unseren Versandkosten<\/strong><\/p>\n\n\n\n<p>Bei uns gibt es keine versteckten Kosten. Wir haben uns bewusst gegen das Modell entschieden, Versandkosten unsichtbar auf die Produktpreise aufzuschlagen, um mit \u201eGratisversand\u201c zu werben. Logistik ist eine Dienstleistung, die Ressourcen verbraucht \u2013 wirtschaftlich und \u00f6kologisch. Wir finden: Diese Arbeit sollte sichtbar sein und akzeptiert werden.<\/p>\n\n\n\n<p>Der entscheidende Unterschied: Anders als viele Hersteller versenden wir unsere Module nicht als Bausatz zum Selbstaufbau. Dein Modul kommt komplett fertig montiert und qualit\u00e4tsgepr\u00fcft per Spedition bis zu dir an die Bordsteinkante. So erm\u00f6glichen wir dir maximale Qualit\u00e4t und Komfort. Das kostet zwar etwas mehr als ein Standardpaket, spart dir aber wertvolle Zeit und Nerven. Du packst aus, baust ein \u2013 und alles passt.<\/p>\n\n\n\n<p><strong>Preise, Versandkosten und Lieferinformationen<\/strong><\/p>\n\n\n\n<p>Die auf den Produktseiten genannten Preise enthalten die gesetzliche Mehrwertsteuer und sonstige Preisbestandteile.<\/p>\n\n\n\n<p>Wir versenden in alle unten in der Tabelle als Versandland aufgef\u00fchrten L\u00e4nder.<\/p>\n\n\n\n<p>Um maximale Stabilit\u00e4t und Qualit\u00e4t zu gew\u00e4hrleisten, versenden wir unsere Module (alle Produkte au\u00dferhalb der Kategorie \u201eZubeh\u00f6r\u201c) komplett montiert per Spedition. Je nach Gr\u00f6\u00dfe und Gewicht ist jedes Modul der Versandklasse \u201eSpedition L\u201c oder \u201eSpedition XL\u201c zugeordnet.<\/p>\n\n\n\n<p>Zus\u00e4tzlich zu den angegebenen Produktpreisen berechnen wir f\u00fcr die Lieferung innerhalb der genannten L\u00e4nder eine Versandkostenpauschale in Abh\u00e4ngigkeit der gr\u00f6\u00dften im Warenkorb enthaltenen Versandklasse. Die Versandkosten werden dir im Warenkorbsystem und auf der Bestellseite nochmals deutlich mitgeteilt.<\/p>\n\n\n\n<p> <a href=\"\/versand__lieferung\/schweiz\/\" target=\"_blank\" rel=\"noreferrer noopener\">Hinweise zu Bestellungen aus der Schweiz gibt es hier.<\/a><\/p>\n\n\n\n<figure class=\"wp-block-table\"><table class=\"has-fixed-layout\"><thead><tr><td><strong>Versandland<\/strong><\/td><td><strong>Paket<\/strong><\/td><td><strong>Paket XL<\/strong><\/td><td><strong>Spedition L<\/strong><\/td><td><strong>Spedition XL<\/strong><\/td><\/tr><\/thead><tbody><tr><td><strong>Deutschland<\/strong><\/td><td>8,90 \u20ac<\/td><td>19,00 \u20ac<\/td><td>99,00 \u20ac<\/td><td>189,00 \u20ac<\/td><\/tr><tr><td><strong>\u00d6sterreich<\/strong><\/td><td>12,90 \u20ac<\/td><td>29,00 \u20ac<\/td><td>129,00 \u20ac<\/td><td>249,00 \u20ac<\/td><\/tr><tr><td><strong>Schweiz<\/strong> (<a href=\"\/versand__lieferung\/schweiz\/\" target=\"_blank\" rel=\"noreferrer noopener\">mehr Infos<\/a>)<\/td><td>39,00 \u20ac<\/td><td>49,00 \u20ac<\/td><td>399,00 \u20ac<\/td><td>499,00 \u20ac<\/td><\/tr><tr><td><strong>Belgien<\/strong><\/td><td>14,90 \u20ac<\/td><td>34,90 \u20ac<\/td><td>149,00 \u20ac<\/td><td>259,00 \u20ac<\/td><\/tr><tr><td><strong>Bulgarien<\/strong><\/td><td>24,90 \u20ac<\/td><td>54,90 \u20ac<\/td><td>179,00 \u20ac<\/td><td>309,00 \u20ac<\/td><\/tr><tr><td><strong>D\u00e4nemark<\/strong><\/td><td>19,90 \u20ac<\/td><td>44,90 \u20ac<\/td><td>159,00 \u20ac<\/td><td>269,00 \u20ac<\/td><\/tr><tr><td><strong>Estland<\/strong><\/td><td>22,90 \u20ac<\/td><td>49,90 \u20ac<\/td><td>159,00 \u20ac<\/td><td>259,00 \u20ac<\/td><\/tr><tr><td><strong>Finnland<\/strong><\/td><td>27,90 \u20ac<\/td><td>59,90 \u20ac<\/td><td>249,00 \u20ac<\/td><td>419,00 \u20ac<\/td><\/tr><tr><td><strong>Frankreich<\/strong><\/td><td>19,90 \u20ac<\/td><td>44,90 \u20ac<\/td><td>239,00 \u20ac<\/td><td>429,00 \u20ac<\/td><\/tr><tr><td><strong>Griechenland<\/strong><\/td><td>34,90 \u20ac<\/td><td>79,90 \u20ac<\/td><td>319,00 \u20ac<\/td><td>539,00 \u20ac<\/td><\/tr><tr><td><strong>Irland<\/strong><\/td><td>29,90 \u20ac<\/td><td>59,90 \u20ac<\/td><td>249,00 \u20ac<\/td><td>439,00 \u20ac<\/td><\/tr><tr><td><strong>Italien<\/strong><\/td><td>19,90 \u20ac<\/td><td>44,90 \u20ac<\/td><td>179,00 \u20ac<\/td><td>309,00 \u20ac<\/td><\/tr><tr><td><strong>Kroatien<\/strong><\/td><td>24,90 \u20ac<\/td><td>54,90 \u20ac<\/td><td>209,00 \u20ac<\/td><td>369,00 \u20ac<\/td><\/tr><tr><td><strong>Lettland<\/strong><\/td><td>22,90 \u20ac<\/td><td>49,90 \u20ac<\/td><td>159,00 \u20ac<\/td><td>259,00 \u20ac<\/td><\/tr><tr><td><strong>Litauen<\/strong><\/td><td>22,90 \u20ac<\/td><td>49,90 \u20ac<\/td><td>159,00 \u20ac<\/td><td>259,00 \u20ac<\/td><\/tr><tr><td><strong>Luxemburg<\/strong><\/td><td>14,90 \u20ac<\/td><td>34,90 \u20ac<\/td><td>129,00 \u20ac<\/td><td>249,00 \u20ac<\/td><\/tr><tr><td><strong>Niederlande<\/strong><\/td><td>14,90 \u20ac<\/td><td>34,90 \u20ac<\/td><td>139,00 \u20ac<\/td><td>259,00 \u20ac<\/td><\/tr><tr><td><strong>Polen<\/strong><\/td><td>14,90 \u20ac<\/td><td>34,90 \u20ac<\/td><td>129,00 \u20ac<\/td><td>249,00 \u20ac<\/td><\/tr><tr><td><strong>Portugal<\/strong><\/td><td>24,90 \u20ac<\/td><td>59,90 \u20ac<\/td><td>219,00 \u20ac<\/td><td>379,00 \u20ac<\/td><\/tr><tr><td><strong>Rum\u00e4nien<\/strong><\/td><td>24,90 \u20ac<\/td><td>54,90 \u20ac<\/td><td>179,00 \u20ac<\/td><td>309,00 \u20ac<\/td><\/tr><tr><td><strong>Schweden<\/strong><\/td><td>24,90 \u20ac<\/td><td>54,90 \u20ac<\/td><td>239,00 \u20ac<\/td><td>399,00 \u20ac<\/td><\/tr><tr><td><strong>Slowakei<\/strong><\/td><td>19,90 \u20ac<\/td><td>44,90 \u20ac<\/td><td>179,00 \u20ac<\/td><td>299,00 \u20ac<\/td><\/tr><tr><td><strong>Slowenien<\/strong><\/td><td>22,90 \u20ac<\/td><td>49,90 \u20ac<\/td><td>189,00 \u20ac<\/td><td>329,00 \u20ac<\/td><\/tr><tr><td><strong>Spanien<\/strong><\/td><td>24,90 \u20ac<\/td><td>54,90 \u20ac<\/td><td>229,00 \u20ac<\/td><td>399,00 \u20ac<\/td><\/tr><tr><td><strong>Tschechien<\/strong><\/td><td>14,90 \u20ac<\/td><td>34,90 \u20ac<\/td><td>139,00 \u20ac<\/td><td>259,00 \u20ac<\/td><\/tr><tr><td><strong>Ungarn<\/strong><\/td><td>19,90 \u20ac<\/td><td>44,90 \u20ac<\/td><td>149,00 \u20ac<\/td><td>259,00 \u20ac<\/td><\/tr><\/tbody><\/table><\/figure>\n\n\n\n<p>Bei Zahlung per Nachnahme wird eine zus\u00e4tzliche Geb\u00fchr in H\u00f6he von [2,- Euro] f\u00e4llig, die der Zusteller vor Ort erhebt.<\/p>\n\n\n\n<p>F\u00fcr digitale Inhalte (E-Books, Software, etc.) fallen keine Versandkosten an.<\/p>\n\n\n\n<p>Die Versandkostenpauschale enth\u00e4lt die gesetzliche Mehrwertsteuer. Da die Mehrwertsteuer auf die Versandkostenpauschale abh\u00e4ngig von den erworbenen Waren berechnet wird, kann sie sich mindern, wenn Waren zu niedrigeren Umsatzsteuers\u00e4tzen erworben werden (z.B. bei Erwerb von B\u00fcchern). Das bedeutet, dass die Versandkostenpauschale erst im Rahmen des Bestellprozesses endg\u00fcltig berechnet werden kann. Sie kann dabei jedoch nicht h\u00f6her, sondern nur zu deinen Gunsten niedriger werden.<\/p>\n\n\n\n<p>F\u00fcr Lieferungen auf Inseln und in schwer zug\u00e4ngliche Gebiete (z.B. Hochgebirge) k\u00f6nnen zus\u00e4tzliche Geb\u00fchren anfallen. Bitte kontaktiere uns bei Insel-Lieferungen vorab, oder wir kontaktieren dich nach Bestelleingang zur Kl\u00e4rung der genauen Frachtkosten. Solltest du mit den Mehrkosten nicht einverstanden sein, kannst du die Bestellung kostenfrei stornieren.<\/p>\n","protected":false},"excerpt":{"rendered":"<p>Versand &amp; Lieferung Ein offenes Wort zu unseren Versandkosten Bei uns gibt es keine versteckten Kosten. Wir haben uns bewusst gegen das Modell entschieden, Versandkosten unsichtbar auf die Produktpreise aufzuschlagen, um mit \u201eGratisversand\u201c zu werben. Logistik ist eine Dienstleistung, die Ressourcen verbraucht \u2013 wirtschaftlich und \u00f6kologisch. Wir finden: Diese Arbeit sollte sichtbar sein und akzeptiert [&hellip;]<\/p>\n","protected":false},"author":5,"featured_media":0,"parent":0,"menu_order":0,"comment_status":"closed","ping_status":"closed","template":"","meta":{"_acf_changed":false,"iawp_total_views":736,"footnotes":""},"class_list":["post-1524","page","type-page","status-publish","hentry"],"acf":[],"_links":{"self":[{"href":"https:\/\/vanfittery.de\/pl\/wp-json\/wp\/v2\/pages\/1524","targetHints":{"allow":["GET"]}}],"collection":[{"href":"https:\/\/vanfittery.de\/pl\/wp-json\/wp\/v2\/pages"}],"about":[{"href":"https:\/\/vanfittery.de\/pl\/wp-json\/wp\/v2\/types\/page"}],"author":[{"embeddable":true,"href":"https:\/\/vanfittery.de\/pl\/wp-json\/wp\/v2\/users\/5"}],"replies":[{"embeddable":true,"href":"https:\/\/vanfittery.de\/pl\/wp-json\/wp\/v2\/comments?post=1524"}],"version-history":[{"count":6,"href":"https:\/\/vanfittery.de\/pl\/wp-json\/wp\/v2\/pages\/1524\/revisions"}],"predecessor-version":[{"id":14671,"href":"https:\/\/vanfittery.de\/pl\/wp-json\/wp\/v2\/pages\/1524\/revisions\/14671"}],"wp:attachment":[{"href":"https:\/\/vanfittery.de\/pl\/wp-json\/wp\/v2\/media?parent=1524"}],"curies":[{"name":"wp","href":"https:\/\/api.w.org\/{rel}","templated":true}]}}