{"id":11089,"date":"2025-09-26T12:55:44","date_gmt":"2025-09-26T10:55:44","guid":{"rendered":"https:\/\/vanfittery.de\/?post_type=product&#038;p=11089"},"modified":"2026-03-17T11:20:07","modified_gmt":"2026-03-17T10:20:07","slug":"wuerth-spruehkleber-kraft-spruehkleber-plus","status":"publish","type":"product","link":"https:\/\/vanfittery.de\/pl\/produkt\/wuerth-spruehkleber-kraft-spruehkleber-plus\/","title":{"rendered":"W\u00fcrth Spray Adhesive Power Spray Adhesive Plus"},"content":{"rendered":"<div class=\"row\">\n<div class=\"col-md-12 col-lg d-none d-md-block\">\n<h1 class=\"js-socialshare-subject\">KLEJ W SPRAYU POWER PLUS<\/h1>\n<\/div>\n<div class=\"col-md-12 col-lg-auto text-right-lg-up mb-2\">Klej kontaktowy o wysokiej przyczepno\u015bci i odporno\u015bci na wysokie temperatury<\/div>\n<\/div>\n<div id=\"modelDetailFirstSingleValueAttributes\">\n<div class=\"properties\">\n<ul>\n<li style=\"list-style-type: none;\">\n<ul>\n<li>Baza chemiczna: kauczuk syntetyczny<\/li>\n<li>Kolor: przezroczysty<\/li>\n<li>G\u0119sto\u015b\u0107: 0,85 g\/ml<\/li>\n<li>Zapach\/zapach: Charakterystyczny<\/li>\n<li>Temperatura przetwarzania min.\/maks.: 0 do 30 \u00b0C<\/li>\n<li>Odporno\u015b\u0107 na temperatur\u0119 min.\/maks.: -20 do +110 \u00b0C<\/li>\n<li>Temperatura zap\u0142onu min.: -24 \u00b0C<\/li>\n<li>Czas wy\u0142\u0105czenia min.\/maks: 5 min-15 min<\/li>\n<\/ul>\n<\/li>\n<\/ul>\n<div id=\"mdAttributeMore\" class=\"collapse show\">\n<ul>\n<li>Odleg\u0142o\u015b\u0107 natrysku min.\/maks.: 15-25 cm<\/li>\n<li>Zawarto\u015b\u0107: 400 ml<\/li>\n<li>Waga zawarto\u015bci: 288 g<\/li>\n<li>Wytrzyma\u0142o\u015b\u0107 na \u015bcinanie przy rozci\u0105ganiu min.: 0,26 N\/mm\u00b2<\/li>\n<li>Okres przydatno\u015bci do u\u017cycia: 12 miesi\u0119cy<\/li>\n<li>Nie zawiera silikonu: Tak<\/li>\n<\/ul>\n<\/div>\n<div class=\"marketingSection AT_PublicationInstructions\">\n<p class=\"level1\">Bardzo wysoka odporno\u015b\u0107 na temperatur\u0119 do 110\u00b0C <sup>1)<\/sup><\/p>\n<p>Trwa\u0142e mocowanie do r\u00f3\u017cnych zastosowa\u0144<\/p>\n<\/div>\n<div class=\"marketingSection AT_PublicationInstructions\">\n<p class=\"level1\">Szybkoschn\u0105cy<\/p>\n<p>Kr\u00f3tszy czas procesu, poniewa\u017c materia\u0142 mo\u017ce by\u0107 przetwarzany szybciej<\/p>\n<p class=\"level1\">2-dro\u017cna regulowana g\u0142owica natryskowa<\/p>\n<ul>\n<li>Poziomy i pionowy<\/li>\n<li>Szeroko\u015b\u0107 strumienia natrysku<\/li>\n<li>Wysoka elastyczno\u015b\u0107 w szerokim zakresie sytuacji roboczych dzi\u0119ki optymalnym opcjom regulacji i zastosowania<\/li>\n<\/ul>\n<p class=\"level1\">Przezroczyste utwardzanie<\/p>\n<ul>\n<li>\u0141\u0105czenie neutralne kolorystycznie<\/li>\n<li>Brak prze\u015bwitywania kolor\u00f3w dzi\u0119ki przezroczystemu utwardzaniu przy cienkiej warstwie kleju<\/li>\n<\/ul>\n<p><sup>1)<\/sup> W zale\u017cno\u015bci od metody testowej<\/p>\n<\/div>\n<div class=\"marketingSection AT_PublicationNotice marketingSubSection\">\n<p><span class=\"marketingSectionTitle\">Wskaz\u00f3wka<\/span>Po u\u017cyciu odwr\u00f3ci\u0107 puszk\u0119 do g\u00f3ry dnem i opr\u00f3\u017cni\u0107 zaw\u00f3r.<\/p>\n<\/div>\n<div class=\"marketingSection AT_PublicationInstructions\">\n<p>Szczeg\u00f3\u0142y przetwarzania s\u0105 zaleceniami opartymi na naszych testach i do\u015bwiadczeniu; przed ka\u017cdym zastosowaniem nale\u017cy przeprowadzi\u0107 w\u0142asne testy. Ze wzgl\u0119du na du\u017c\u0105 liczb\u0119 zastosowa\u0144 oraz warunki przechowywania i przetwarzania, nie mo\u017cemy zagwarantowa\u0107 okre\u015blonego wyniku przetwarzania. W zakresie, w jakim nasza bezp\u0142atna obs\u0142uga klienta zapewnia informacje techniczne lub porady, odbywa si\u0119 to z wy\u0142\u0105czeniem jakiejkolwiek odpowiedzialno\u015bci, chyba \u017ce porady lub informacje s\u0105 cz\u0119\u015bci\u0105 naszego nale\u017cnego, uzgodnionego w umowie zakresu us\u0142ug lub konsultant dzia\u0142a\u0142 umy\u015blnie. Gwarantujemy sta\u0142\u0105 jako\u015b\u0107 naszych produkt\u00f3w; zastrzegamy sobie prawo do wprowadzania zmian technicznych i dalszego rozwoju. Prosimy o zapoznanie si\u0119 z arkuszem danych technicznych!<\/p>\n<\/div>\n<\/div>\n<\/div>","protected":false},"excerpt":{"rendered":"<p>KRAFTSPR\u00dcHKLEBER PLUS Kontaktklebstoff mit hoher Sofortklebkraft und hoher Temperaturbest\u00e4ndigkeit Chemische Basis: Synthesekautschuk Farbe: Transparent Dichte: 0,85 g\/ml Geruch\/Duft: Charakteristisch Verarbeitungstemperatur min.\/max.: 0 bis 30 \u00b0C Temperaturbest\u00e4ndigkeit min.\/max.: -20 bis +110 \u00b0C Flammpunkt min.: -24 \u00b0C Abl\u00fcftzeit min.\/max.: 5 min-15 min Spr\u00fchabstand min.\/max.: 15-25 cm Inhalt: 400 ml Inhaltsgewicht: 288 g Zugscherfestigkeit min.: 0.26 N\/mm\u00b2 Lagerf\u00e4higkeit [&hellip;]<\/p>\n","protected":false},"featured_media":11746,"template":"","meta":{"_acf_changed":false,"iawp_total_views":125},"product_brand":[],"product_cat":[55],"product_tag":[],"class_list":{"0":"post-11089","1":"product","2":"type-product","3":"status-publish","4":"has-post-thumbnail","6":"product_cat-zubehoer","7":"product_shipping_class-paketversand","9":"first","10":"instock","11":"taxable","12":"shipping-taxable","13":"purchasable","14":"product-type-simple"},"acf":[],"_links":{"self":[{"href":"https:\/\/vanfittery.de\/pl\/wp-json\/wp\/v2\/product\/11089","targetHints":{"allow":["GET"]}}],"collection":[{"href":"https:\/\/vanfittery.de\/pl\/wp-json\/wp\/v2\/product"}],"about":[{"href":"https:\/\/vanfittery.de\/pl\/wp-json\/wp\/v2\/types\/product"}],"version-history":[{"count":1,"href":"https:\/\/vanfittery.de\/pl\/wp-json\/wp\/v2\/product\/11089\/revisions"}],"predecessor-version":[{"id":13859,"href":"https:\/\/vanfittery.de\/pl\/wp-json\/wp\/v2\/product\/11089\/revisions\/13859"}],"wp:featuredmedia":[{"embeddable":true,"href":"https:\/\/vanfittery.de\/pl\/wp-json\/wp\/v2\/media\/11746"}],"wp:attachment":[{"href":"https:\/\/vanfittery.de\/pl\/wp-json\/wp\/v2\/media?parent=11089"}],"wp:term":[{"taxonomy":"product_brand","embeddable":true,"href":"https:\/\/vanfittery.de\/pl\/wp-json\/wp\/v2\/product_brand?post=11089"},{"taxonomy":"product_cat","embeddable":true,"href":"https:\/\/vanfittery.de\/pl\/wp-json\/wp\/v2\/product_cat?post=11089"},{"taxonomy":"product_tag","embeddable":true,"href":"https:\/\/vanfittery.de\/pl\/wp-json\/wp\/v2\/product_tag?post=11089"}],"curies":[{"name":"wp","href":"https:\/\/api.w.org\/{rel}","templated":true}]}}