{"id":1845,"date":"2025-01-10T10:38:46","date_gmt":"2025-01-10T09:38:46","guid":{"rendered":"https:\/\/vanfittery.de\/?post_type=product&#038;p=1845"},"modified":"2026-03-17T11:24:52","modified_gmt":"2026-03-17T10:24:52","slug":"plyta-podstawy-do-dacia-dokker","status":"publish","type":"product","link":"https:\/\/vanfittery.de\/pl\/produkt\/bodenplatte-fuer-dacia-dokker\/","title":{"rendered":"Panel pod\u0142ogowy do Dacia Dokker"},"content":{"rendered":"<p>Nasz panel pod\u0142ogowy dla Dacia Dokker\u00a0<strong>Wzmacnia oryginaln\u0105 pod\u0142og\u0119 pojazdu<\/strong>\u00a0i przekszta\u0142ca go w\u00a0<strong>p\u0142aska powierzchnia<\/strong>. Pozwala to na\u00a0<strong>Rozszerzenia kempingowe po prostu przykr\u0119cane do p\u0142yty bazowej<\/strong>\u00a0mo\u017ce by\u0107 u\u017cywany. Jest on przykr\u0119cany do gwint\u00f3w oryginalnych zaczep\u00f3w.<\/p>\n<p>Tylny panel pod\u0142ogowy mo\u017ce pozosta\u0107 na swoim miejscu nawet po zamontowaniu tylnej kanapy.<\/p>\n<p>Przedni panel pod\u0142ogowy sk\u0142ada si\u0119 z 2 cz\u0119\u015bci i jest montowany zamiast oryginalnej tylnej kanapy. Jest on przykr\u0119cany do punkt\u00f3w mocowania tylnej kanapy. Ze wzgl\u0119du na\u00a0<strong>Panel pod\u0142ogowy jest niezwykle stabilny dzi\u0119ki wspornikom na korpusie.\u00a0<\/strong>Panele s\u0105 po\u0142\u0105czone na \u015brodku za pomoc\u0105 paska.<\/p>\n<p>Dost\u0119pne w wersji brzozowej 12 mm (BB) do samodzielnego projektowania lub w wersji brzozowej z wytrzyma\u0142\u0105 pow\u0142ok\u0105 z \u017cywicy fenolowej (\u201cp\u0142yta sitodrukowa\u201d).<\/p>","protected":false},"excerpt":{"rendered":"<p>Nasz panel pod\u0142ogowy dla Dacia Dokker\u00a0<strong>Wzmacnia oryginaln\u0105 pod\u0142og\u0119 pojazdu<\/strong>\u00a0i przekszta\u0142ca go w\u00a0<strong>p\u0142aska powierzchnia<\/strong>.<\/p>","protected":false},"featured_media":1841,"template":"","meta":{"_acf_changed":false,"iawp_total_views":1047},"product_brand":[],"product_cat":[57,55],"product_tag":[],"class_list":{"0":"post-1845","1":"product","2":"type-product","3":"status-publish","4":"has-post-thumbnail","6":"product_cat-hochdachkombi","7":"product_cat-zubehoer","8":"product_shipping_class-spedition-l","10":"first","11":"instock","12":"taxable","13":"shipping-taxable","14":"purchasable","15":"product-type-variable"},"acf":[],"_links":{"self":[{"href":"https:\/\/vanfittery.de\/pl\/wp-json\/wp\/v2\/product\/1845","targetHints":{"allow":["GET"]}}],"collection":[{"href":"https:\/\/vanfittery.de\/pl\/wp-json\/wp\/v2\/product"}],"about":[{"href":"https:\/\/vanfittery.de\/pl\/wp-json\/wp\/v2\/types\/product"}],"version-history":[{"count":1,"href":"https:\/\/vanfittery.de\/pl\/wp-json\/wp\/v2\/product\/1845\/revisions"}],"predecessor-version":[{"id":13907,"href":"https:\/\/vanfittery.de\/pl\/wp-json\/wp\/v2\/product\/1845\/revisions\/13907"}],"wp:featuredmedia":[{"embeddable":true,"href":"https:\/\/vanfittery.de\/pl\/wp-json\/wp\/v2\/media\/1841"}],"wp:attachment":[{"href":"https:\/\/vanfittery.de\/pl\/wp-json\/wp\/v2\/media?parent=1845"}],"wp:term":[{"taxonomy":"product_brand","embeddable":true,"href":"https:\/\/vanfittery.de\/pl\/wp-json\/wp\/v2\/product_brand?post=1845"},{"taxonomy":"product_cat","embeddable":true,"href":"https:\/\/vanfittery.de\/pl\/wp-json\/wp\/v2\/product_cat?post=1845"},{"taxonomy":"product_tag","embeddable":true,"href":"https:\/\/vanfittery.de\/pl\/wp-json\/wp\/v2\/product_tag?post=1845"}],"curies":[{"name":"wp","href":"https:\/\/api.w.org\/{rel}","templated":true}]}}