{"id":2017,"date":"2025-01-14T15:10:16","date_gmt":"2025-01-14T14:10:16","guid":{"rendered":"https:\/\/vanfittery.de\/?post_type=product&#038;p=2017"},"modified":"2026-03-17T11:24:21","modified_gmt":"2026-03-17T10:24:21","slug":"rama-montazowa-adapter-montazowy-glosnik-t5-t6-transporter-tyl","status":"publish","type":"product","link":"https:\/\/vanfittery.de\/pl\/produkt\/einbaurahmen-einbauadapter-lautsprecher-t5-t6-transporter-hinten\/","title":{"rendered":"Adapter monta\u017cowy g\u0142o\u015bnika T5 \/ T6 Transporter"},"content":{"rendered":"<h2>Optymalna pozycja g\u0142o\u015bnik\u00f3w dla doskona\u0142ego d\u017awi\u0119ku w T5\/T6<\/h2>\n<p>Ka\u017cdy, kto lubi dobry d\u017awi\u0119k w swoim samochodzie, zna problem z Transporterem T5 lub T6: praktycznie nie ma odpowiedniej pozycji monta\u017cowej dla tylnych g\u0142o\u015bnik\u00f3w. Je\u015bli g\u0142o\u015bniki zostan\u0105 zamontowane w tylnej klapie, b\u0119d\u0105 one umieszczone zbyt nisko i nie b\u0119d\u0105 mia\u0142y prawie \u017cadnej g\u0142\u0119boko\u015bci monta\u017cowej. Je\u015bli zamontujesz je w bocznych panelach, mo\u017cesz osi\u0105gn\u0105\u0107 stabiln\u0105 instalacj\u0119 przy du\u017cym wysi\u0142ku, ale g\u0142o\u015bniki graj\u0105 wtedy w bardzo niekorzystnym kierunku. Rezultat to nic innego jak \u201chi-fi\u201d.<\/p>\n<p>Nasze adaptery monta\u017cowe do Transportera T5 \/ T6 rozwi\u0105zuj\u0105 ten problem: zaprojektowane w programie CAD, s\u0105 idealnie dopasowane do kontur\u00f3w pojazdu i s\u0105 w stanie sprosta\u0107 wszystkim wymaganiom.\u00a0<strong>Dok\u0142adnie na wysoko\u015bci uszu w kabinie pasa\u017cerskiej<\/strong>!<\/p>\n<p>Adaptery s\u0105 dost\u0119pne dla g\u0142o\u015bnik\u00f3w 13 cm i 16,5 cm i s\u0105 trzykrotnie przykr\u0119cane do korpusu lub w razie potrzeby przyklejane klejem do szyb.<\/p>\n<h3>Wymiary 13 cm<\/h3>\n<p>\u015arednica zewn\u0119trzna: 150 mm<\/p>\n<p>\u015arednica otworu monta\u017cowego: 116 mm<\/p>\n<p>D\u0142ugo\u015b\u0107: 145 mm<\/p>\n<p>\u015arednica \u015bruby mocuj\u0105cej: 134 mm<\/p>\n<h3>Wymiary 16,5 cm<\/h3>\n<p>\u015arednica zewn\u0119trzna: 167 mm<\/p>\n<p>\u015arednica otworu monta\u017cowego: 145 mm<\/p>\n<p>D\u0142ugo\u015b\u0107: 180 mm<\/p>\n<p>\u015arednica \u015bruby mocuj\u0105cej: 157 mm<\/p>\n<p>&nbsp;<\/p>\n<p><strong>Zakres dostawy:<\/strong> 1 zestaw (lewy i prawy) adapter\u00f3w monta\u017cowych do s\u0142upka D VW T5 \/ T6 Transporter. Cz\u0119\u015bci drukowane 3D wykonane z PETG. Powierzchnia mo\u017ce mie\u0107 drobne niedoskona\u0142o\u015bci typowe dla druku 3D.<\/p>\n<p>Nale\u017cy pami\u0119ta\u0107, \u017ce czas dostawy wynosi oko\u0142o 1-2 tygodni, w zale\u017cno\u015bci od aktualnego wykorzystania wydajno\u015bci drukarek 3D. Ca\u0142kowity czas drukowania zestawu wynosi oko\u0142o 32 godzin!<\/p>","protected":false},"excerpt":{"rendered":"<p><strong><span style=\"color: #dca54a;\">\u2714<\/span>\u00a0 Doskona\u0142e pozycjonowanie<\/strong><br \/>\nAdapter g\u0142o\u015bnika do VW T5 \/ T6, optymalnie dopasowany do wysoko\u015bci ucha (odpowiedni do g\u0142o\u015bnik\u00f3w 13 cm i 16,5 cm).<\/p>\n<p><strong><span style=\"color: #dca54a;\">\u2714<\/span>\u00a0 Precyzyjne dopasowanie i stabilno\u015b\u0107<br \/>\n<\/strong>Zaprojektowany przez CAD, precyzyjnie dopasowany do kontur\u00f3w pojazdu, \u0142atwy monta\u017c za pomoc\u0105 \u015brub lub kleju do szyb.<\/p>","protected":false},"featured_media":2025,"template":"","meta":{"_acf_changed":false,"iawp_total_views":1343},"product_brand":[],"product_cat":[58,55],"product_tag":[],"class_list":{"0":"post-2017","1":"product","2":"type-product","3":"status-publish","4":"has-post-thumbnail","6":"product_cat-kleintransporter","7":"product_cat-zubehoer","8":"product_shipping_class-paketversand","10":"first","11":"instock","12":"taxable","13":"shipping-taxable","14":"purchasable","15":"product-type-variable"},"acf":[],"_links":{"self":[{"href":"https:\/\/vanfittery.de\/pl\/wp-json\/wp\/v2\/product\/2017","targetHints":{"allow":["GET"]}}],"collection":[{"href":"https:\/\/vanfittery.de\/pl\/wp-json\/wp\/v2\/product"}],"about":[{"href":"https:\/\/vanfittery.de\/pl\/wp-json\/wp\/v2\/types\/product"}],"version-history":[{"count":1,"href":"https:\/\/vanfittery.de\/pl\/wp-json\/wp\/v2\/product\/2017\/revisions"}],"predecessor-version":[{"id":13903,"href":"https:\/\/vanfittery.de\/pl\/wp-json\/wp\/v2\/product\/2017\/revisions\/13903"}],"wp:featuredmedia":[{"embeddable":true,"href":"https:\/\/vanfittery.de\/pl\/wp-json\/wp\/v2\/media\/2025"}],"wp:attachment":[{"href":"https:\/\/vanfittery.de\/pl\/wp-json\/wp\/v2\/media?parent=2017"}],"wp:term":[{"taxonomy":"product_brand","embeddable":true,"href":"https:\/\/vanfittery.de\/pl\/wp-json\/wp\/v2\/product_brand?post=2017"},{"taxonomy":"product_cat","embeddable":true,"href":"https:\/\/vanfittery.de\/pl\/wp-json\/wp\/v2\/product_cat?post=2017"},{"taxonomy":"product_tag","embeddable":true,"href":"https:\/\/vanfittery.de\/pl\/wp-json\/wp\/v2\/product_tag?post=2017"}],"curies":[{"name":"wp","href":"https:\/\/api.w.org\/{rel}","templated":true}]}}