{"id":3373,"date":"2025-01-25T16:35:39","date_gmt":"2025-01-25T15:35:39","guid":{"rendered":"https:\/\/vanfittery.de\/?post_type=product&#038;p=3373"},"modified":"2026-04-30T07:47:10","modified_gmt":"2026-04-30T05:47:10","slug":"stolik-bambusowy-do-eurobox-40-x-30-cm","status":"publish","type":"product","link":"https:\/\/vanfittery.de\/pl\/produkt\/bambustisch-fuer-eurobox-40-x-30cm\/","title":{"rendered":"Stolik bambusowy do EuroBox 40 x 30 cm"},"content":{"rendered":"","protected":false},"excerpt":{"rendered":"<p><strong><span style=\"color: #dca54a;\">\u2714<\/span> <\/strong>Pokrywa do pude\u0142ek EuroBox 40 \u00d7 30 cm, kt\u00f3r\u0105 mo\u017cna przekszta\u0142ci\u0107 w stolik po z\u0142o\u017ceniu.<br \/>\n<strong><span style=\"color: #dca54a;\">\u2714<\/span>\u00a0 <\/strong>Wymiary po z\u0142o\u017ceniu ok. 40 \u00d7 30 \u00d7 4 cm, po roz\u0142o\u017ceniu ok. 40 \u00d7 60 \u00d7 2 cm<br \/>\n<strong><span style=\"color: #dca54a;\">\u2714<\/span>\u00a0 <\/strong>Materia\u0142: olejowany bambus bezpieczny dla \u017cywno\u015bci<\/p>\n<p><em><strong>Uwaga: obecnie niedost\u0119pne.<\/strong><\/em><\/p>","protected":false},"featured_media":3368,"template":"","meta":{"_acf_changed":false,"iawp_total_views":786},"product_brand":[],"product_cat":[55],"product_tag":[],"class_list":{"0":"post-3373","1":"product","2":"type-product","3":"status-publish","4":"has-post-thumbnail","6":"product_cat-zubehoer","7":"product_shipping_class-paketversand","9":"first","10":"outofstock","11":"taxable","12":"shipping-taxable","13":"purchasable","14":"product-type-simple"},"acf":[],"_links":{"self":[{"href":"https:\/\/vanfittery.de\/pl\/wp-json\/wp\/v2\/product\/3373","targetHints":{"allow":["GET"]}}],"collection":[{"href":"https:\/\/vanfittery.de\/pl\/wp-json\/wp\/v2\/product"}],"about":[{"href":"https:\/\/vanfittery.de\/pl\/wp-json\/wp\/v2\/types\/product"}],"version-history":[{"count":3,"href":"https:\/\/vanfittery.de\/pl\/wp-json\/wp\/v2\/product\/3373\/revisions"}],"predecessor-version":[{"id":14535,"href":"https:\/\/vanfittery.de\/pl\/wp-json\/wp\/v2\/product\/3373\/revisions\/14535"}],"wp:featuredmedia":[{"embeddable":true,"href":"https:\/\/vanfittery.de\/pl\/wp-json\/wp\/v2\/media\/3368"}],"wp:attachment":[{"href":"https:\/\/vanfittery.de\/pl\/wp-json\/wp\/v2\/media?parent=3373"}],"wp:term":[{"taxonomy":"product_brand","embeddable":true,"href":"https:\/\/vanfittery.de\/pl\/wp-json\/wp\/v2\/product_brand?post=3373"},{"taxonomy":"product_cat","embeddable":true,"href":"https:\/\/vanfittery.de\/pl\/wp-json\/wp\/v2\/product_cat?post=3373"},{"taxonomy":"product_tag","embeddable":true,"href":"https:\/\/vanfittery.de\/pl\/wp-json\/wp\/v2\/product_tag?post=3373"}],"curies":[{"name":"wp","href":"https:\/\/api.w.org\/{rel}","templated":true}]}}