{"id":3375,"date":"2025-01-25T16:37:01","date_gmt":"2025-01-25T15:37:01","guid":{"rendered":"https:\/\/vanfittery.de\/?post_type=product&#038;p=3375"},"modified":"2026-03-17T11:22:47","modified_gmt":"2026-03-17T10:22:47","slug":"pokrywa-bambusowa-do-eurobox-40x30cm","status":"publish","type":"product","link":"https:\/\/vanfittery.de\/pl\/produkt\/bambusdeckel-fuer-eurobox-40x30cm\/","title":{"rendered":"Pokrywa bambusowa do pude\u0142ka EuroBox 40 x 30 cm"},"content":{"rendered":"","protected":false},"excerpt":{"rendered":"<p><strong><span style=\"color: #dca54a;\">\u2714<\/span>\u00a0 <\/strong>Pokrywa odpowiednia do pude\u0142ek EuroBox o wymiarach 40 \u00d7 30 cm<br \/>\n<strong><span style=\"color: #dca54a;\">\u2714<\/span>\u00a0 <\/strong>Z centrowaniem \/ zaciskaniem od spodu<br \/>\n<strong><span style=\"color: #dca54a;\">\u2714<\/span>\u00a0 <\/strong>Materia\u0142: Bambus, olejowany bezpieczny dla \u017cywno\u015bci<br \/>\n<strong><span style=\"color: #dca54a;\">\u2714<\/span>\u00a0 <\/strong>Przekszta\u0142ca konwencjonalne skrzynki EuroBox w krzes\u0142o, st\u00f3\u0142 lub desk\u0119 do krojenia<\/p>","protected":false},"featured_media":3366,"template":"","meta":{"_acf_changed":false,"iawp_total_views":375},"product_brand":[],"product_cat":[55],"product_tag":[],"class_list":{"0":"post-3375","1":"product","2":"type-product","3":"status-publish","4":"has-post-thumbnail","6":"product_cat-zubehoer","7":"product_shipping_class-paketversand","9":"first","10":"instock","11":"taxable","12":"shipping-taxable","13":"purchasable","14":"product-type-simple"},"acf":[],"_links":{"self":[{"href":"https:\/\/vanfittery.de\/pl\/wp-json\/wp\/v2\/product\/3375","targetHints":{"allow":["GET"]}}],"collection":[{"href":"https:\/\/vanfittery.de\/pl\/wp-json\/wp\/v2\/product"}],"about":[{"href":"https:\/\/vanfittery.de\/pl\/wp-json\/wp\/v2\/types\/product"}],"version-history":[{"count":1,"href":"https:\/\/vanfittery.de\/pl\/wp-json\/wp\/v2\/product\/3375\/revisions"}],"predecessor-version":[{"id":13887,"href":"https:\/\/vanfittery.de\/pl\/wp-json\/wp\/v2\/product\/3375\/revisions\/13887"}],"wp:featuredmedia":[{"embeddable":true,"href":"https:\/\/vanfittery.de\/pl\/wp-json\/wp\/v2\/media\/3366"}],"wp:attachment":[{"href":"https:\/\/vanfittery.de\/pl\/wp-json\/wp\/v2\/media?parent=3375"}],"wp:term":[{"taxonomy":"product_brand","embeddable":true,"href":"https:\/\/vanfittery.de\/pl\/wp-json\/wp\/v2\/product_brand?post=3375"},{"taxonomy":"product_cat","embeddable":true,"href":"https:\/\/vanfittery.de\/pl\/wp-json\/wp\/v2\/product_cat?post=3375"},{"taxonomy":"product_tag","embeddable":true,"href":"https:\/\/vanfittery.de\/pl\/wp-json\/wp\/v2\/product_tag?post=3375"}],"curies":[{"name":"wp","href":"https:\/\/api.w.org\/{rel}","templated":true}]}}