{"id":6646,"date":"2025-02-10T13:18:24","date_gmt":"2025-02-10T12:18:24","guid":{"rendered":"https:\/\/vanfittery.de\/?post_type=product&#038;p=6646"},"modified":"2026-03-17T11:21:58","modified_gmt":"2026-03-17T10:21:58","slug":"rozciagliwy-filc-samochodowy","status":"publish","type":"product","link":"https:\/\/vanfittery.de\/pl\/produkt\/fahrzeug-filz-dehnbar\/","title":{"rendered":"Filc samochodowy rozci\u0105gliwy (od 1 m\u00b2)"},"content":{"rendered":"<h2>Elastyczny, wytrzyma\u0142y, wypr\u00f3bowany i przetestowany - idealny filc do rozbudowy!<\/h2>\n<p>To ju\u017c nie jest poufna wskaz\u00f3wka: filcowanie sprawia, \u017ce\u00a0<strong>Przytulna go\u0142a blacha, zmniejsza poziom ha\u0142asu we wn\u0119trzu i izoluje<\/strong>\u00a0troch\u0119 przed promieniowaniem cieplnym lub zimnym.<\/p>\n<p>Nawet je\u015bli niekt\u00f3rzy dostawcy udaj\u0105, \u017ce ich filc jest czym\u015b wyj\u0105tkowym: \u201especjalnie\u201c opracowanym do konwersji van\u00f3w, oznaczonym fanatycznymi nazwami i oczywi\u015bcie dost\u0119pnym tylko na wy\u0142\u0105czno\u015b\u0107... to jest i pozostanie filcem, a nie z\u0142otym p\u0142atkiem.<\/p>\n<p>U\u017cywamy filcu od europejskiego dostawcy, kt\u00f3ry specjalizuje si\u0119 w <strong>w naszym do\u015bwiadczeniu doskona\u0142e przetwarzanie<\/strong>\u00a0jest przyjemna w dotyku i okaza\u0142a si\u0119 wytrzyma\u0142a. Mamy\u00a0<strong>wyposa\u017cy\u0142 ju\u017c w ni\u0105 wiele pojazd\u00f3w<\/strong>\u00a0i kupi\u0107 na rolki. Mo\u017cna go u nas kupi\u0107 w standardowych ilo\u015bciach konsumenckich po uczciwej cenie.<\/p>\n<p>Filc mo\u017ce by\u0107\u00a0<strong>wystarczy poci\u0105gn\u0105\u0107 lub rozci\u0105gn\u0105\u0107 we wszystkich kierunkach<\/strong>, Oznacza to, \u017ce nawet nieprofesjonali\u015bci mog\u0105 szybko osi\u0105gn\u0105\u0107 atrakcyjne rezultaty, cho\u0107 wymagana jest pewna zr\u0119czno\u015b\u0107 manualna. Filc najlepiej nak\u0142ada\u0107 za pomoc\u0105 kleju w sprayu, kt\u00f3ry jest r\u00f3wnie\u017c dost\u0119pny w naszej ofercie.<\/p>\n<p>Jedna strona jest nieco bardziej puszysta, a druga nieco g\u0142adsza. Obie strony mog\u0105 by\u0107 u\u017cywane jako strona widoczna.<\/p>\n<p>Kolor: antracyt<br \/>\nSzeroko\u015b\u0107 rolki: 2 m, tj. 1 metr kwadratowy to 0,5 x 2 m, 2 metry kwadratowe to 1 x 2 m itd.<\/p>\n<p>Przy zamawianiu nale\u017cy poda\u0107 \u017c\u0105dan\u0105 ilo\u015b\u0107 <strong>w metrach kwadratowych<\/strong> okre\u015bli\u0107.<\/p>","protected":false},"excerpt":{"rendered":"<p>11,90 \u20ac za 1 m\u00b2<\/p>\n<p><strong><span style=\"color: #dca54a;\">\u2714<\/span><\/strong> Filc sprawia, \u017ce go\u0142a blacha jest przytulna<strong><br \/>\n<span style=\"color: #dca54a;\">\u2714<\/span> <\/strong>Zmniejsza poziom ha\u0142asu we wn\u0119trzu<strong><br \/>\n<span style=\"color: #dca54a;\">\u2714<\/span><\/strong> Izoluje nieco przed promieniowaniem cieplnym lub zimnem<strong><br \/>\n<span style=\"color: #dca54a;\">\u2714<\/span> <\/strong>Jedna strona jest nieco bardziej puszysta, druga nieco g\u0142adsza<strong><br \/>\n<\/strong><\/p>","protected":false},"featured_media":6655,"template":"","meta":{"_acf_changed":false,"iawp_total_views":1219},"product_brand":[],"product_cat":[57,58,55],"product_tag":[],"class_list":{"0":"post-6646","1":"product","2":"type-product","3":"status-publish","4":"has-post-thumbnail","6":"product_cat-hochdachkombi","7":"product_cat-kleintransporter","8":"product_cat-zubehoer","9":"product_shipping_class-paketversand","11":"first","12":"instock","13":"taxable","14":"shipping-taxable","15":"purchasable","16":"product-type-simple"},"acf":[],"_links":{"self":[{"href":"https:\/\/vanfittery.de\/pl\/wp-json\/wp\/v2\/product\/6646","targetHints":{"allow":["GET"]}}],"collection":[{"href":"https:\/\/vanfittery.de\/pl\/wp-json\/wp\/v2\/product"}],"about":[{"href":"https:\/\/vanfittery.de\/pl\/wp-json\/wp\/v2\/types\/product"}],"version-history":[{"count":1,"href":"https:\/\/vanfittery.de\/pl\/wp-json\/wp\/v2\/product\/6646\/revisions"}],"predecessor-version":[{"id":13875,"href":"https:\/\/vanfittery.de\/pl\/wp-json\/wp\/v2\/product\/6646\/revisions\/13875"}],"wp:featuredmedia":[{"embeddable":true,"href":"https:\/\/vanfittery.de\/pl\/wp-json\/wp\/v2\/media\/6655"}],"wp:attachment":[{"href":"https:\/\/vanfittery.de\/pl\/wp-json\/wp\/v2\/media?parent=6646"}],"wp:term":[{"taxonomy":"product_brand","embeddable":true,"href":"https:\/\/vanfittery.de\/pl\/wp-json\/wp\/v2\/product_brand?post=6646"},{"taxonomy":"product_cat","embeddable":true,"href":"https:\/\/vanfittery.de\/pl\/wp-json\/wp\/v2\/product_cat?post=6646"},{"taxonomy":"product_tag","embeddable":true,"href":"https:\/\/vanfittery.de\/pl\/wp-json\/wp\/v2\/product_tag?post=6646"}],"curies":[{"name":"wp","href":"https:\/\/api.w.org\/{rel}","templated":true}]}}