{"id":6680,"date":"2025-02-10T13:45:15","date_gmt":"2025-02-10T12:45:15","guid":{"rendered":"https:\/\/vanfittery.de\/?post_type=product&#038;p=6680"},"modified":"2026-05-07T10:41:07","modified_gmt":"2026-05-07T08:41:07","slug":"wzmocnione-zderzaki-tylnej-klapy-vw-caddy","status":"publish","type":"product","link":"https:\/\/vanfittery.de\/pl\/produkt\/verstaerkte-heckklappendaempfer-vw-caddy\/","title":{"rendered":"Wzmocnione amortyzatory tylnej klapy do VW Caddy"},"content":{"rendered":"<h2>Wi\u0119ksza stabilno\u015b\u0107 tylnej klapy - nawet z baga\u017cnikiem!<\/h2>\n<p>Nasze wzmocnione amortyzatory tylnej klapy do VW Caddy i Caddy Maxi (model 2K i SA, lata modelowe 2003-2020) <strong>niezawodnie utrzymuj\u0105 otwart\u0105 tyln\u0105 klap\u0119<\/strong>, je\u015bli na przyk\u0142ad\u00a0<strong>Baga\u017cnik rowerowy, baga\u017cnik tylny lub inne akcesoria na tylnej klapie<\/strong>\u00a0jest zamontowany.<\/p>\n<p>Si\u0142a wysuwu amortyzatora tylnej klapy wynosi 1180 N; odpowiada to sile trzymania ok. 21 kg na uchwycie zamykaj\u0105cym (uwaga: warto\u015b\u0107 ta mo\u017ce si\u0119 r\u00f3\u017cni\u0107 w zale\u017cno\u015bci od wersji lub temperatury). Ze wzgl\u0119du na prze\u0142o\u017cenie d\u017awigni, klapa tylna jest r\u00f3wnie\u017c utrzymywana w pozycji otwartej przez znacznie ci\u0119\u017csze \u0142adunki, pod warunkiem, \u017ce ich \u015brodek ci\u0119\u017cko\u015bci znajduje si\u0119 \u201ewy\u017cej\u201c ni\u017c uchwyt zamykaj\u0105cy. Ma to miejsce w przypadku wi\u0119kszo\u015bci baga\u017cnik\u00f3w rowerowych lub baga\u017cowych (patrz przyk\u0142adowe zdj\u0119cia).<\/p>\n<p>Gdy klapa tylna jest nieobci\u0105\u017cona, wyst\u0119puj\u0105 zwi\u0119kszone si\u0142y zamykania.<\/p>\n<p>Instalacja mo\u017ce by\u0107 wykonana w ci\u0105gu zaledwie kilku minut, nawet przez osoby nieb\u0119d\u0105ce profesjonalistami. Amortyzatory s\u0105 po prostu wymieniane na oryginalne. Jedynym wymaganym narz\u0119dziem jest p\u0142aski \u015brubokr\u0119t.<\/p>\n<p>Film instalacyjny mo\u017cna znale\u017a\u0107 tutaj:<\/p>\n<p><iframe hcb-fetch-image-from=\"https:\/\/youtu.be\/WC47f7qNW1Q\" title=\"Monta\u017c wzmocnionych amortyzator\u00f3w tylnej klapy \/ amortyzator\u00f3w gazowych w VW Caddy Camper, np. do baga\u017cnik\u00f3w rowerowych.\" width=\"800\" height=\"450\" src=\"https:\/\/www.youtube.com\/embed\/WC47f7qNW1Q?feature=oembed\" frameborder=\"0\" allow=\"accelerometer; autoplay; clipboard-write; encrypted-media; gyroscope; picture-in-picture; web-share\" referrerpolicy=\"strict-origin-when-cross-origin\" allowfullscreen><\/iframe><\/p>\n<p>Przepustnice s\u0105 produkowane specjalnie dla nas zgodnie ze specyfikacj\u0105. Producent: STABILUS, wyprodukowano w Niemczech.<\/p>\n<p>Cena za zestaw (= 2 sztuki), czyli dla jednego pojazdu wymagana jest ilo\u015b\u0107 zam\u00f3wienia \u201e1\u201c.<\/p>","protected":false},"excerpt":{"rendered":"<p><strong><span style=\"color: #dca54a;\">\u2714<\/span><\/strong> Utrzymuje tyln\u0105 klap\u0119 niezawodnie otwart\u0105<strong><br \/>\n<span style=\"color: #dca54a;\">\u2714 <\/span><\/strong>Prosta instalacja w zaledwie kilka minut<strong><br \/>\n<span style=\"color: #dca54a;\">\u2714<\/span><\/strong> Wyprodukowano w Niemczech<strong><br \/>\n<span style=\"color: #dca54a;\">\u2714 <\/span><\/strong>Idealne dopasowanie do VW Caddy (2003-2020)<\/p>","protected":false},"featured_media":9546,"template":"","meta":{"_acf_changed":false,"iawp_total_views":3012},"product_brand":[],"product_cat":[57,55],"product_tag":[],"class_list":{"0":"post-6680","1":"product","2":"type-product","3":"status-publish","4":"has-post-thumbnail","6":"product_cat-hochdachkombi","7":"product_cat-zubehoer","8":"product_shipping_class-paketversand","10":"first","11":"instock","12":"sale","13":"taxable","14":"shipping-taxable","15":"purchasable","16":"product-type-simple"},"acf":[],"_links":{"self":[{"href":"https:\/\/vanfittery.de\/pl\/wp-json\/wp\/v2\/product\/6680","targetHints":{"allow":["GET"]}}],"collection":[{"href":"https:\/\/vanfittery.de\/pl\/wp-json\/wp\/v2\/product"}],"about":[{"href":"https:\/\/vanfittery.de\/pl\/wp-json\/wp\/v2\/types\/product"}],"version-history":[{"count":3,"href":"https:\/\/vanfittery.de\/pl\/wp-json\/wp\/v2\/product\/6680\/revisions"}],"predecessor-version":[{"id":14012,"href":"https:\/\/vanfittery.de\/pl\/wp-json\/wp\/v2\/product\/6680\/revisions\/14012"}],"wp:featuredmedia":[{"embeddable":true,"href":"https:\/\/vanfittery.de\/pl\/wp-json\/wp\/v2\/media\/9546"}],"wp:attachment":[{"href":"https:\/\/vanfittery.de\/pl\/wp-json\/wp\/v2\/media?parent=6680"}],"wp:term":[{"taxonomy":"product_brand","embeddable":true,"href":"https:\/\/vanfittery.de\/pl\/wp-json\/wp\/v2\/product_brand?post=6680"},{"taxonomy":"product_cat","embeddable":true,"href":"https:\/\/vanfittery.de\/pl\/wp-json\/wp\/v2\/product_cat?post=6680"},{"taxonomy":"product_tag","embeddable":true,"href":"https:\/\/vanfittery.de\/pl\/wp-json\/wp\/v2\/product_tag?post=6680"}],"curies":[{"name":"wp","href":"https:\/\/api.w.org\/{rel}","templated":true}]}}