{"id":9547,"date":"2025-07-09T13:18:48","date_gmt":"2025-07-09T11:18:48","guid":{"rendered":"https:\/\/vanfittery.de\/?post_type=product&#038;p=9547"},"modified":"2026-03-17T11:20:38","modified_gmt":"2026-03-17T10:20:38","slug":"plyta-bazowa-vw-id-buzz-gtx-lwb","status":"publish","type":"product","link":"https:\/\/vanfittery.de\/pl\/produkt\/bodenplatte-vw-id-buzz-gtx-lwb\/","title":{"rendered":"Panel pod\u0142ogowy VW ID Buzz GTX LWB"},"content":{"rendered":"<p>VW ID Buzz staje si\u0119 coraz bardziej popularny jako samoch\u00f3d kempingowy.<\/p>\n<p>W oryginalnym stanie pojazd nie ma r\u00f3wnej pod\u0142ogi \u0142adunkowej. Mocowania foteli i uskok w pod\u0142odze w kierunku przedzia\u0142u pasa\u017cerskiego praktycznie uniemo\u017cliwiaj\u0105 ustawienie CampingBoxa.<\/p>\n<p>Nasza pod\u0142oga \u0142adunkowa niweluje wszelkie nier\u00f3wno\u015bci i si\u0119ga a\u017c do tylnych siedze\u0144. Przesuni\u0119cie wysoko\u015bci w pod\u0142odze jest niwelowane przez du\u017ce powierzchnie podparcia. W razie potrzeby panel pod\u0142ogowy mo\u017cna zabezpieczy\u0107 przed zsuni\u0119ciem za pomoc\u0105 dw\u00f3ch \u015brub na gwintach p\u0142yty Multiflexboard.<\/p>\n<p>Dzi\u0119ki 12 mm grubo\u015bci materia\u0142u i podstawie ze sklejki brzozowej deska jest bardzo stabilna.<\/p>\n<p>Wersja z czarn\u0105 pow\u0142ok\u0105 o grubo\u015bci 12 mm ma g\u0142adk\u0105 powierzchni\u0119 i w razie potrzeby mo\u017ce by\u0107 pokryta mat\u0105 antypo\u015blizgow\u0105; wersja z sitodrukiem o grubo\u015bci 12 mm jest czerwono-br\u0105zowa i ma powierzchni\u0119 antypo\u015blizgow\u0105, stosowan\u0105 na przyk\u0142ad na przyczepach.<\/p>\n<p>Szczeg\u00f3lnie dla ID Buzz (GTX) LWB w wersji samochodowej - nie nadaje si\u0119 do Cargo!<\/p>","protected":false},"excerpt":{"rendered":"<p><span style=\"color: #dca54a;\"><strong>\u2714<\/strong> <\/span> Tworzy r\u00f3wn\u0105 powierzchni\u0119 \u0142adunkow\u0105<br \/>\n<span style=\"color: #dca54a;\"><strong>\u2714<\/strong> <\/span> Chroni oryginaln\u0105 pod\u0142og\u0119 baga\u017cnika<br \/>\n<span style=\"color: #dca54a;\"><strong>\u2714<\/strong> <\/span> Jest przymocowany do oryginalnych gwint\u00f3w za pomoc\u0105 2 \u015brub<br \/>\n<span style=\"color: #dca54a;\"><strong>\u2714<\/strong> <\/span> np. do u\u017cytku z CampingBoxami<\/p>","protected":false},"featured_media":9552,"template":"","meta":{"_acf_changed":false,"iawp_total_views":871},"product_brand":[],"product_cat":[58,55],"product_tag":[],"class_list":{"0":"post-9547","1":"product","2":"type-product","3":"status-publish","4":"has-post-thumbnail","6":"product_cat-kleintransporter","7":"product_cat-zubehoer","8":"product_shipping_class-spedition-l","10":"first","11":"instock","12":"taxable","13":"shipping-taxable","14":"purchasable","15":"product-type-variable"},"acf":[],"_links":{"self":[{"href":"https:\/\/vanfittery.de\/pl\/wp-json\/wp\/v2\/product\/9547","targetHints":{"allow":["GET"]}}],"collection":[{"href":"https:\/\/vanfittery.de\/pl\/wp-json\/wp\/v2\/product"}],"about":[{"href":"https:\/\/vanfittery.de\/pl\/wp-json\/wp\/v2\/types\/product"}],"version-history":[{"count":1,"href":"https:\/\/vanfittery.de\/pl\/wp-json\/wp\/v2\/product\/9547\/revisions"}],"predecessor-version":[{"id":13861,"href":"https:\/\/vanfittery.de\/pl\/wp-json\/wp\/v2\/product\/9547\/revisions\/13861"}],"wp:featuredmedia":[{"embeddable":true,"href":"https:\/\/vanfittery.de\/pl\/wp-json\/wp\/v2\/media\/9552"}],"wp:attachment":[{"href":"https:\/\/vanfittery.de\/pl\/wp-json\/wp\/v2\/media?parent=9547"}],"wp:term":[{"taxonomy":"product_brand","embeddable":true,"href":"https:\/\/vanfittery.de\/pl\/wp-json\/wp\/v2\/product_brand?post=9547"},{"taxonomy":"product_cat","embeddable":true,"href":"https:\/\/vanfittery.de\/pl\/wp-json\/wp\/v2\/product_cat?post=9547"},{"taxonomy":"product_tag","embeddable":true,"href":"https:\/\/vanfittery.de\/pl\/wp-json\/wp\/v2\/product_tag?post=9547"}],"curies":[{"name":"wp","href":"https:\/\/api.w.org\/{rel}","templated":true}]}}